{"id":12033,"date":"2024-08-02T12:54:22","date_gmt":"2024-08-02T10:54:22","guid":{"rendered":"https:\/\/www.telkab.pl\/?page_id=12033"},"modified":"2026-02-12T13:51:52","modified_gmt":"2026-02-12T12:51:52","slug":"pakiet-nauka","status":"publish","type":"page","link":"https:\/\/www.telkab.pl\/index.php\/pakiet-nauka\/","title":{"rendered":"Pakiet Nauka"},"content":{"rendered":"<div class=\"wpb-content-wrapper\"><p>[vc_row full_height=&#8221;yes&#8221; columns_placement=&#8221;top&#8221; content_placement=&#8221;top&#8221; margin_top=&#8221;-50&#8243; full_width_row=&#8221;true&#8221;][vc_column offset=&#8221;vc_hidden-md vc_hidden-sm vc_hidden-xs&#8221;][vc_single_image image=&#8221;12728&#8243; img_size=&#8221;full&#8221; alignment=&#8221;center&#8221; css=&#8221;&#8221; image_hovers=&#8221;false&#8221;]<div class=\"ult-spacer spacer-69ef70d73d2ae\" data-id=\"69ef70d73d2ae\" data-height=\"20\" data-height-mobile=\"20\" data-height-tab=\"20\" data-height-tab-portrait=\"\" data-height-mobile-landscape=\"\" style=\"clear:both;display:block;\"><\/div>[\/vc_column][\/vc_row][vc_row full_height=&#8221;yes&#8221; columns_placement=&#8221;top&#8221; content_placement=&#8221;top&#8221; margin_top=&#8221;-50&#8243; full_width_row=&#8221;true&#8221;][vc_column offset=&#8221;vc_hidden-lg&#8221;][vc_single_image image=&#8221;12734&#8243; img_size=&#8221;full&#8221; css=&#8221;&#8221; lazy_loading=&#8221;true&#8221;][\/vc_column][\/vc_row][vc_row][vc_column width=&#8221;2\/3&#8243; offset=&#8221;vc_hidden-md vc_hidden-sm vc_hidden-xs&#8221;][vc_row_inner][vc_column_inner width=&#8221;1\/4&#8243;][vc_single_image image=&#8221;12050&#8243; img_size=&#8221;full&#8221; alignment=&#8221;center&#8221; css=&#8221;&#8221; image_hovers=&#8221;false&#8221; lazy_loading=&#8221;true&#8221;][\/vc_column_inner][vc_column_inner width=&#8221;3\/4&#8243;]<div class=\"ult-spacer spacer-69ef70d73d2de\" data-id=\"69ef70d73d2de\" data-height=\"30\" data-height-mobile=\"30\" data-height-tab=\"30\" data-height-tab-portrait=\"\" data-height-mobile-landscape=\"\" style=\"clear:both;display:block;\"><\/div>[vc_column_text css=&#8221;&#8221;]<\/p>\n<h2 style=\"text-align: left;\">English Club TV kana\u0142 telewizyjny<\/h2>\n<p>[\/vc_column_text][\/vc_column_inner][\/vc_row_inner][vc_row_inner][vc_column_inner]<div class=\"ult-spacer spacer-69ef70d73d2fc\" data-id=\"69ef70d73d2fc\" data-height=\"30\" data-height-mobile=\"30\" data-height-tab=\"30\" data-height-tab-portrait=\"\" data-height-mobile-landscape=\"\" style=\"clear:both;display:block;\"><\/div>[vc_single_image image=&#8221;12057&#8243; img_size=&#8221;full&#8221; alignment=&#8221;center&#8221; css=&#8221;&#8221; image_hovers=&#8221;false&#8221; lazy_loading=&#8221;true&#8221;][\/vc_column_inner][\/vc_row_inner]<div class=\"ult-spacer spacer-69ef70d73d319\" data-id=\"69ef70d73d319\" data-height=\"20\" data-height-mobile=\"20\" data-height-tab=\"20\" data-height-tab-portrait=\"\" data-height-mobile-landscape=\"\" style=\"clear:both;display:block;\"><\/div>[vc_row_inner][vc_column_inner width=&#8221;1\/4&#8243;]<div class=\"ult-spacer spacer-69ef70d73d336\" data-id=\"69ef70d73d336\" data-height=\"20\" data-height-mobile=\"20\" data-height-tab=\"20\" data-height-tab-portrait=\"\" data-height-mobile-landscape=\"\" style=\"clear:both;display:block;\"><\/div>[vc_single_image image=&#8221;12065&#8243; img_size=&#8221;full&#8221; alignment=&#8221;center&#8221; css=&#8221;&#8221; image_hovers=&#8221;false&#8221; lazy_loading=&#8221;true&#8221;][\/vc_column_inner][vc_column_inner width=&#8221;3\/4&#8243;]<div class=\"ult-spacer spacer-69ef70d73d352\" data-id=\"69ef70d73d352\" data-height=\"20\" data-height-mobile=\"20\" data-height-tab=\"20\" data-height-tab-portrait=\"\" data-height-mobile-landscape=\"\" style=\"clear:both;display:block;\"><\/div><div class=\"ult-spacer spacer-69ef70d73d36e\" data-id=\"69ef70d73d36e\" data-height=\"30\" data-height-mobile=\"30\" data-height-tab=\"30\" data-height-tab-portrait=\"\" data-height-mobile-landscape=\"\" style=\"clear:both;display:block;\"><\/div>[vc_column_text css=&#8221;&#8221;]<\/p>\n<h2 style=\"text-align: left;\">TinyTeen kana\u0142 telewizyjny<\/h2>\n<p>[\/vc_column_text][\/vc_column_inner][\/vc_row_inner][vc_row_inner][vc_column_inner]<div class=\"ult-spacer spacer-69ef70d73d389\" data-id=\"69ef70d73d389\" data-height=\"30\" data-height-mobile=\"30\" data-height-tab=\"30\" data-height-tab-portrait=\"\" data-height-mobile-landscape=\"\" style=\"clear:both;display:block;\"><\/div>[vc_single_image image=&#8221;12063&#8243; img_size=&#8221;full&#8221; alignment=&#8221;center&#8221; css=&#8221;&#8221; image_hovers=&#8221;false&#8221; lazy_loading=&#8221;true&#8221;][\/vc_column_inner][\/vc_row_inner]<div class=\"ult-spacer spacer-69ef70d73d3a5\" data-id=\"69ef70d73d3a5\" data-height=\"20\" data-height-mobile=\"20\" data-height-tab=\"20\" data-height-tab-portrait=\"\" data-height-mobile-landscape=\"\" style=\"clear:both;display:block;\"><\/div>[\/vc_column][vc_column width=&#8221;1\/3&#8243;][vc_row_inner][vc_column_inner]<div class=\"ult-spacer spacer-69ef70d73d3c0\" data-id=\"69ef70d73d3c0\" data-height=\"20\" data-height-mobile=\"20\" data-height-tab=\"20\" data-height-tab-portrait=\"\" data-height-mobile-landscape=\"\" style=\"clear:both;display:block;\"><\/div>[vc_single_image image=&#8221;12038&#8243; img_size=&#8221;132&#215;124&#8243; alignment=&#8221;center&#8221; css=&#8221;&#8221; image_hovers=&#8221;false&#8221; lazy_loading=&#8221;true&#8221;]<div class=\"ult-spacer spacer-69ef70d73d3db\" data-id=\"69ef70d73d3db\" data-height=\"20\" data-height-mobile=\"20\" data-height-tab=\"20\" data-height-tab-portrait=\"\" data-height-mobile-landscape=\"\" style=\"clear:both;display:block;\"><\/div>[vc_column_text css=&#8221;&#8221;]<\/p>\n<h2 style=\"text-align: center;\">4 nowe kana\u0142y<br \/>\ndo nauki angielskiego<\/h2>\n<h4>English Club TV Group to globalny dostawca tre\u015bci edukacyjnych i rozrywkowych , kt\u00f3rego celem jest oferowanie wzbogacaj\u0105cych do\u015bwiadcze\u0144 widzom na ca\u0142ym \u015bwiecie.<\/h4>\n<p>[\/vc_column_text]<div class=\"ult-spacer spacer-69ef70d73d3f6\" data-id=\"69ef70d73d3f6\" data-height=\"20\" data-height-mobile=\"20\" data-height-tab=\"20\" data-height-tab-portrait=\"\" data-height-mobile-landscape=\"\" style=\"clear:both;display:block;\"><\/div>[vc_single_image image=&#8221;12044&#8243; img_size=&#8221;full&#8221; alignment=&#8221;center&#8221; css=&#8221;&#8221; image_hovers=&#8221;false&#8221; lazy_loading=&#8221;true&#8221;][\/vc_column_inner][\/vc_row_inner][vc_row_inner][vc_column_inner][\/vc_column_inner][\/vc_row_inner][\/vc_column][\/vc_row][vc_row][vc_column width=&#8221;1\/4&#8243;][vc_row_inner][vc_column_inner]<div class=\"ult-spacer spacer-69ef70d73d410\" data-id=\"69ef70d73d410\" data-height=\"20\" data-height-mobile=\"20\" data-height-tab=\"20\" data-height-tab-portrait=\"\" data-height-mobile-landscape=\"\" style=\"clear:both;display:block;\"><\/div><div class=\"ult-spacer spacer-69ef70d73d42a\" data-id=\"69ef70d73d42a\" data-height=\"20\" data-height-mobile=\"20\" data-height-tab=\"20\" data-height-tab-portrait=\"\" data-height-mobile-landscape=\"\" style=\"clear:both;display:block;\"><\/div>[vc_column_text css=&#8221;&#8221;]<\/p>\n<h2 style=\"text-align: center;\">PAKIET NAUKA<br \/>\nENGLISH CLUB TV<\/h2>\n<p>&nbsp;<\/p>\n<ul>\n<li>\n<h3>Ekskluzywna zawarto\u015b\u0107<\/h3>\n<\/li>\n<li>\n<h3>Unikalna metodologia<\/h3>\n<\/li>\n<li>\n<h3>Native speakerzy<\/h3>\n<\/li>\n<li>\n<h3>Dla wszystkich poziom\u00f3w i grup wiekowych<\/h3>\n<\/li>\n<li>\n<h3>Efektywna edukacja<\/h3>\n<\/li>\n<\/ul>\n<p>[\/vc_column_text]<div class=\"ult-spacer spacer-69ef70d73d444\" data-id=\"69ef70d73d444\" data-height=\"20\" data-height-mobile=\"20\" data-height-tab=\"20\" data-height-tab-portrait=\"\" data-height-mobile-landscape=\"\" style=\"clear:both;display:block;\"><\/div>[vc_single_image image=&#8221;12044&#8243; img_size=&#8221;full&#8221; alignment=&#8221;center&#8221; css=&#8221;&#8221; image_hovers=&#8221;false&#8221; lazy_loading=&#8221;true&#8221;][\/vc_column_inner][\/vc_row_inner][\/vc_column][vc_column width=&#8221;3\/4&#8243; offset=&#8221;vc_hidden-md vc_hidden-sm vc_hidden-xs&#8221;][vc_row_inner][vc_column_inner width=&#8221;2\/3&#8243;]<div class=\"ult-spacer spacer-69ef70d73d45e\" data-id=\"69ef70d73d45e\" data-height=\"20\" data-height-mobile=\"20\" data-height-tab=\"20\" data-height-tab-portrait=\"\" data-height-mobile-landscape=\"\" style=\"clear:both;display:block;\"><\/div><div class=\"ult-spacer spacer-69ef70d73d477\" data-id=\"69ef70d73d477\" data-height=\"30\" data-height-mobile=\"30\" data-height-tab=\"30\" data-height-tab-portrait=\"\" data-height-mobile-landscape=\"\" style=\"clear:both;display:block;\"><\/div>[vc_column_text css=&#8221;&#8221;]<\/p>\n<h2 style=\"text-align: right;\">LingoToons kana\u0142 telewizyjny<\/h2>\n<p>[\/vc_column_text][\/vc_column_inner][vc_column_inner width=&#8221;1\/3&#8243;]<div class=\"ult-spacer spacer-69ef70d73d490\" data-id=\"69ef70d73d490\" data-height=\"20\" data-height-mobile=\"20\" data-height-tab=\"20\" data-height-tab-portrait=\"\" data-height-mobile-landscape=\"\" style=\"clear:both;display:block;\"><\/div>[vc_single_image image=&#8221;12079&#8243; img_size=&#8221;full&#8221; alignment=&#8221;center&#8221; css=&#8221;&#8221; image_hovers=&#8221;false&#8221; lazy_loading=&#8221;true&#8221;][\/vc_column_inner][\/vc_row_inner][vc_row_inner][vc_column_inner]<div class=\"ult-spacer spacer-69ef70d73d4a9\" data-id=\"69ef70d73d4a9\" data-height=\"30\" data-height-mobile=\"30\" data-height-tab=\"30\" data-height-tab-portrait=\"\" data-height-mobile-landscape=\"\" style=\"clear:both;display:block;\"><\/div>[vc_single_image image=&#8221;12081&#8243; img_size=&#8221;full&#8221; alignment=&#8221;center&#8221; css=&#8221;&#8221; image_hovers=&#8221;false&#8221; lazy_loading=&#8221;true&#8221;][vc_single_image image=&#8221;12083&#8243; img_size=&#8221;full&#8221; alignment=&#8221;center&#8221; css=&#8221;&#8221; image_hovers=&#8221;false&#8221; lazy_loading=&#8221;true&#8221;][\/vc_column_inner][\/vc_row_inner]<div class=\"ult-spacer spacer-69ef70d73d4c2\" data-id=\"69ef70d73d4c2\" data-height=\"20\" data-height-mobile=\"20\" data-height-tab=\"20\" data-height-tab-portrait=\"\" data-height-mobile-landscape=\"\" style=\"clear:both;display:block;\"><\/div><div class=\"ult-spacer spacer-69ef70d73d4da\" data-id=\"69ef70d73d4da\" data-height=\"20\" data-height-mobile=\"20\" data-height-tab=\"20\" data-height-tab-portrait=\"\" data-height-mobile-landscape=\"\" style=\"clear:both;display:block;\"><\/div>[vc_row_inner][vc_column_inner width=&#8221;2\/3&#8243;]<div class=\"ult-spacer spacer-69ef70d73d4f2\" data-id=\"69ef70d73d4f2\" data-height=\"20\" data-height-mobile=\"20\" data-height-tab=\"20\" data-height-tab-portrait=\"\" data-height-mobile-landscape=\"\" style=\"clear:both;display:block;\"><\/div><div class=\"ult-spacer spacer-69ef70d73d50b\" data-id=\"69ef70d73d50b\" data-height=\"20\" data-height-mobile=\"20\" data-height-tab=\"20\" data-height-tab-portrait=\"\" data-height-mobile-landscape=\"\" style=\"clear:both;display:block;\"><\/div><div class=\"ult-spacer spacer-69ef70d73d536\" data-id=\"69ef70d73d536\" data-height=\"30\" data-height-mobile=\"30\" data-height-tab=\"30\" data-height-tab-portrait=\"\" data-height-mobile-landscape=\"\" style=\"clear:both;display:block;\"><\/div>[vc_column_text css=&#8221;&#8221;]<\/p>\n<h2 style=\"text-align: right;\">LangLab kana\u0142 telewizyjny<\/h2>\n<p>[\/vc_column_text][\/vc_column_inner][vc_column_inner width=&#8221;1\/3&#8243;]<div class=\"ult-spacer spacer-69ef70d73d54f\" data-id=\"69ef70d73d54f\" data-height=\"20\" data-height-mobile=\"20\" data-height-tab=\"20\" data-height-tab-portrait=\"\" data-height-mobile-landscape=\"\" style=\"clear:both;display:block;\"><\/div>[vc_single_image image=&#8221;12085&#8243; img_size=&#8221;full&#8221; alignment=&#8221;center&#8221; css=&#8221;&#8221; image_hovers=&#8221;false&#8221; lazy_loading=&#8221;true&#8221;][\/vc_column_inner][\/vc_row_inner][vc_row_inner][vc_column_inner]<div class=\"ult-spacer spacer-69ef70d73d566\" data-id=\"69ef70d73d566\" data-height=\"30\" data-height-mobile=\"30\" data-height-tab=\"30\" data-height-tab-portrait=\"\" data-height-mobile-landscape=\"\" style=\"clear:both;display:block;\"><\/div>[vc_single_image image=&#8221;12086&#8243; img_size=&#8221;full&#8221; alignment=&#8221;center&#8221; css=&#8221;&#8221; image_hovers=&#8221;false&#8221; lazy_loading=&#8221;true&#8221;][\/vc_column_inner][\/vc_row_inner][\/vc_column][\/vc_row][vc_row][vc_column width=&#8221;1\/4&#8243; offset=&#8221;vc_hidden-md vc_hidden-sm vc_hidden-xs&#8221;][\/vc_column][vc_column width=&#8221;3\/4&#8243; offset=&#8221;vc_hidden-md vc_hidden-sm vc_hidden-xs&#8221;][\/vc_column][\/vc_row][vc_row][vc_column][vc_empty_space height=&#8221;20px&#8221;][\/vc_column][\/vc_row]<\/p>\n<\/div>","protected":false},"excerpt":{"rendered":"<p>[vc_row full_height=&#8221;yes&#8221; columns_placement=&#8221;top&#8221; content_placement=&#8221;top&#8221; margin_top=&#8221;-50&#8243; full_width_row=&#8221;true&#8221;][vc_column offset=&#8221;vc_hidden-md vc_hidden-sm vc_hidden-xs&#8221;][vc_single_image image=&#8221;12728&#8243; img_size=&#8221;full&#8221; alignment=&#8221;center&#8221; css=&#8221;&#8221; image_hovers=&#8221;false&#8221;][\/vc_column][\/vc_row][vc_row full_height=&#8221;yes&#8221; columns_placement=&#8221;top&#8221; content_placement=&#8221;top&#8221; margin_top=&#8221;-50&#8243; full_width_row=&#8221;true&#8221;][vc_column offset=&#8221;vc_hidden-lg&#8221;][vc_single_image image=&#8221;12734&#8243; img_size=&#8221;full&#8221; css=&#8221;&#8221; lazy_loading=&#8221;true&#8221;][\/vc_column][\/vc_row][vc_row][vc_column width=&#8221;2\/3&#8243; offset=&#8221;vc_hidden-md vc_hidden-sm vc_hidden-xs&#8221;][vc_row_inner][vc_column_inner width=&#8221;1\/4&#8243;][vc_single_image image=&#8221;12050&#8243; img_size=&#8221;full&#8221; alignment=&#8221;center&#8221; css=&#8221;&#8221; image_hovers=&#8221;false&#8221; lazy_loading=&#8221;true&#8221;][\/vc_column_inner][vc_column_inner width=&#8221;3\/4&#8243;][vc_column_text css=&#8221;&#8221;] English Club TV kana\u0142 telewizyjny [\/vc_column_text][\/vc_column_inner][\/vc_row_inner][vc_row_inner][vc_column_inner][vc_single_image image=&#8221;12057&#8243; img_size=&#8221;full&#8221; alignment=&#8221;center&#8221; css=&#8221;&#8221; image_hovers=&#8221;false&#8221; lazy_loading=&#8221;true&#8221;][\/vc_column_inner][\/vc_row_inner][vc_row_inner][vc_column_inner width=&#8221;1\/4&#8243;][vc_single_image image=&#8221;12065&#8243; img_size=&#8221;full&#8221; alignment=&#8221;center&#8221; css=&#8221;&#8221; image_hovers=&#8221;false&#8221;&hellip;<\/p>\n","protected":false},"author":1,"featured_media":0,"parent":0,"menu_order":0,"comment_status":"closed","ping_status":"closed","template":"","meta":{"footnotes":"","_links_to":"","_links_to_target":""},"class_list":["post-12033","page","type-page","status-publish","hentry","description-off"],"yoast_head":"<!-- This site is optimized with the Yoast SEO Premium plugin v27.4 (Yoast SEO v27.4) - https:\/\/yoast.com\/product\/yoast-seo-premium-wordpress\/ -->\n<title>Pakiet Nauka - Tel-Kab | Telewizja | Internet | Telefon<\/title>\n<meta name=\"description\" content=\"4 nowe kana\u0142y do nauki angielskiego. Skierowane do najm\u0142odszych jak i dojrza\u0142ych odbiorc\u00f3w. Wystarczy 15 min. dziennie. Tel-Kab | Telewizja | Internet | Telefon\" \/>\n<meta name=\"robots\" content=\"index, follow, max-snippet:-1, max-image-preview:large, max-video-preview:-1\" \/>\n<link rel=\"canonical\" href=\"https:\/\/www.telkab.pl\/index.php\/pakiet-nauka\/\" \/>\n<meta property=\"og:locale\" content=\"pl_PL\" \/>\n<meta property=\"og:type\" content=\"article\" \/>\n<meta property=\"og:title\" content=\"Pakiet Nauka\" \/>\n<meta property=\"og:description\" content=\"4 nowe kana\u0142y do nauki angielskiego. Skierowane do najm\u0142odszych jak i dojrza\u0142ych odbiorc\u00f3w. Wystarczy 15 min. dziennie. Tel-Kab | Telewizja | Internet | Telefon\" \/>\n<meta property=\"og:url\" content=\"https:\/\/www.telkab.pl\/index.php\/pakiet-nauka\/\" \/>\n<meta property=\"og:site_name\" content=\"Tel-Kab | Telewizja | Internet | Telefon\" \/>\n<meta property=\"article:publisher\" content=\"https:\/\/www.facebook.com\/telkab.pruszkow\/\" \/>\n<meta property=\"article:modified_time\" content=\"2026-02-12T12:51:52+00:00\" \/>\n<meta property=\"og:image\" content=\"https:\/\/www.telkab.pl\/wp-content\/uploads\/2023\/09\/Internet_pro_495x600.jpg\" \/>\n\t<meta property=\"og:image:width\" content=\"495\" \/>\n\t<meta property=\"og:image:height\" content=\"600\" \/>\n\t<meta property=\"og:image:type\" content=\"image\/jpeg\" \/>\n<meta name=\"twitter:card\" content=\"summary_large_image\" \/>\n<meta name=\"twitter:label1\" content=\"Szacowany czas czytania\" \/>\n\t<meta name=\"twitter:data1\" content=\"4 minuty\" \/>\n<script type=\"application\/ld+json\" class=\"yoast-schema-graph\">{\"@context\":\"https:\\\/\\\/schema.org\",\"@graph\":[{\"@type\":\"WebPage\",\"@id\":\"https:\\\/\\\/www.telkab.pl\\\/index.php\\\/pakiet-nauka\\\/\",\"url\":\"https:\\\/\\\/www.telkab.pl\\\/index.php\\\/pakiet-nauka\\\/\",\"name\":\"Pakiet Nauka - Tel-Kab | Telewizja | Internet | Telefon\",\"isPartOf\":{\"@id\":\"https:\\\/\\\/www.telkab.pl\\\/#website\"},\"datePublished\":\"2024-08-02T10:54:22+00:00\",\"dateModified\":\"2026-02-12T12:51:52+00:00\",\"description\":\"4 nowe kana\u0142y do nauki angielskiego. Skierowane do najm\u0142odszych jak i dojrza\u0142ych odbiorc\u00f3w. Wystarczy 15 min. dziennie. Tel-Kab | Telewizja | Internet | Telefon\",\"breadcrumb\":{\"@id\":\"https:\\\/\\\/www.telkab.pl\\\/index.php\\\/pakiet-nauka\\\/#breadcrumb\"},\"inLanguage\":\"pl-PL\",\"potentialAction\":[{\"@type\":\"ReadAction\",\"target\":[\"https:\\\/\\\/www.telkab.pl\\\/index.php\\\/pakiet-nauka\\\/\"]}]},{\"@type\":\"BreadcrumbList\",\"@id\":\"https:\\\/\\\/www.telkab.pl\\\/index.php\\\/pakiet-nauka\\\/#breadcrumb\",\"itemListElement\":[{\"@type\":\"ListItem\",\"position\":1,\"name\":\"Strona g\u0142\u00f3wna\",\"item\":\"https:\\\/\\\/www.telkab.pl\\\/\"},{\"@type\":\"ListItem\",\"position\":2,\"name\":\"Pakiet Nauka\"}]},{\"@type\":\"WebSite\",\"@id\":\"https:\\\/\\\/www.telkab.pl\\\/#website\",\"url\":\"https:\\\/\\\/www.telkab.pl\\\/\",\"name\":\"Tel-Kab \u015awiat\u0142ow\u00f3d - najlepsza oferta w najnowszej technologii\",\"description\":\"Nasz \u015bwiat\u0142ow\u00f3d wyprzedza przysz\u0142o\u015b\u0107\",\"publisher\":{\"@id\":\"https:\\\/\\\/www.telkab.pl\\\/#organization\"},\"alternateName\":\"TELKAB - telewizja, Internet, telefon\",\"potentialAction\":[{\"@type\":\"SearchAction\",\"target\":{\"@type\":\"EntryPoint\",\"urlTemplate\":\"https:\\\/\\\/www.telkab.pl\\\/?s={search_term_string}\"},\"query-input\":{\"@type\":\"PropertyValueSpecification\",\"valueRequired\":true,\"valueName\":\"search_term_string\"}}],\"inLanguage\":\"pl-PL\"},{\"@type\":\"Organization\",\"@id\":\"https:\\\/\\\/www.telkab.pl\\\/#organization\",\"name\":\"Tel-Kab \u015awiat\u0142ow\u00f3d\",\"alternateName\":\"Tel-Kab Sp. z o.o.\",\"url\":\"https:\\\/\\\/www.telkab.pl\\\/\",\"logo\":{\"@type\":\"ImageObject\",\"inLanguage\":\"pl-PL\",\"@id\":\"https:\\\/\\\/www.telkab.pl\\\/#\\\/schema\\\/logo\\\/image\\\/\",\"url\":\"https:\\\/\\\/www.telkab.pl\\\/wp-content\\\/uploads\\\/2022\\\/06\\\/logo.png\",\"contentUrl\":\"https:\\\/\\\/www.telkab.pl\\\/wp-content\\\/uploads\\\/2022\\\/06\\\/logo.png\",\"width\":584,\"height\":276,\"caption\":\"Tel-Kab \u015awiat\u0142ow\u00f3d\"},\"image\":{\"@id\":\"https:\\\/\\\/www.telkab.pl\\\/#\\\/schema\\\/logo\\\/image\\\/\"},\"sameAs\":[\"https:\\\/\\\/www.facebook.com\\\/telkab.pruszkow\\\/\",\"https:\\\/\\\/www.instagram.com\\\/telewizja_telkab\\\/\",\"https:\\\/\\\/www.youtube.com\\\/channel\\\/UCJVNDsz7ohwAuXSBnWhTaSA\"]}]}<\/script>\n<!-- \/ Yoast SEO Premium plugin. -->","yoast_head_json":{"title":"Pakiet Nauka - Tel-Kab | Telewizja | Internet | Telefon","description":"4 nowe kana\u0142y do nauki angielskiego. Skierowane do najm\u0142odszych jak i dojrza\u0142ych odbiorc\u00f3w. Wystarczy 15 min. dziennie. Tel-Kab | Telewizja | Internet | Telefon","robots":{"index":"index","follow":"follow","max-snippet":"max-snippet:-1","max-image-preview":"max-image-preview:large","max-video-preview":"max-video-preview:-1"},"canonical":"https:\/\/www.telkab.pl\/index.php\/pakiet-nauka\/","og_locale":"pl_PL","og_type":"article","og_title":"Pakiet Nauka","og_description":"4 nowe kana\u0142y do nauki angielskiego. Skierowane do najm\u0142odszych jak i dojrza\u0142ych odbiorc\u00f3w. Wystarczy 15 min. dziennie. Tel-Kab | Telewizja | Internet | Telefon","og_url":"https:\/\/www.telkab.pl\/index.php\/pakiet-nauka\/","og_site_name":"Tel-Kab | Telewizja | Internet | Telefon","article_publisher":"https:\/\/www.facebook.com\/telkab.pruszkow\/","article_modified_time":"2026-02-12T12:51:52+00:00","og_image":[{"width":495,"height":600,"url":"https:\/\/www.telkab.pl\/wp-content\/uploads\/2023\/09\/Internet_pro_495x600.jpg","type":"image\/jpeg"}],"twitter_card":"summary_large_image","twitter_misc":{"Szacowany czas czytania":"4 minuty"},"schema":{"@context":"https:\/\/schema.org","@graph":[{"@type":"WebPage","@id":"https:\/\/www.telkab.pl\/index.php\/pakiet-nauka\/","url":"https:\/\/www.telkab.pl\/index.php\/pakiet-nauka\/","name":"Pakiet Nauka - Tel-Kab | Telewizja | Internet | Telefon","isPartOf":{"@id":"https:\/\/www.telkab.pl\/#website"},"datePublished":"2024-08-02T10:54:22+00:00","dateModified":"2026-02-12T12:51:52+00:00","description":"4 nowe kana\u0142y do nauki angielskiego. Skierowane do najm\u0142odszych jak i dojrza\u0142ych odbiorc\u00f3w. Wystarczy 15 min. dziennie. Tel-Kab | Telewizja | Internet | Telefon","breadcrumb":{"@id":"https:\/\/www.telkab.pl\/index.php\/pakiet-nauka\/#breadcrumb"},"inLanguage":"pl-PL","potentialAction":[{"@type":"ReadAction","target":["https:\/\/www.telkab.pl\/index.php\/pakiet-nauka\/"]}]},{"@type":"BreadcrumbList","@id":"https:\/\/www.telkab.pl\/index.php\/pakiet-nauka\/#breadcrumb","itemListElement":[{"@type":"ListItem","position":1,"name":"Strona g\u0142\u00f3wna","item":"https:\/\/www.telkab.pl\/"},{"@type":"ListItem","position":2,"name":"Pakiet Nauka"}]},{"@type":"WebSite","@id":"https:\/\/www.telkab.pl\/#website","url":"https:\/\/www.telkab.pl\/","name":"Tel-Kab \u015awiat\u0142ow\u00f3d - najlepsza oferta w najnowszej technologii","description":"Nasz \u015bwiat\u0142ow\u00f3d wyprzedza przysz\u0142o\u015b\u0107","publisher":{"@id":"https:\/\/www.telkab.pl\/#organization"},"alternateName":"TELKAB - telewizja, Internet, telefon","potentialAction":[{"@type":"SearchAction","target":{"@type":"EntryPoint","urlTemplate":"https:\/\/www.telkab.pl\/?s={search_term_string}"},"query-input":{"@type":"PropertyValueSpecification","valueRequired":true,"valueName":"search_term_string"}}],"inLanguage":"pl-PL"},{"@type":"Organization","@id":"https:\/\/www.telkab.pl\/#organization","name":"Tel-Kab \u015awiat\u0142ow\u00f3d","alternateName":"Tel-Kab Sp. z o.o.","url":"https:\/\/www.telkab.pl\/","logo":{"@type":"ImageObject","inLanguage":"pl-PL","@id":"https:\/\/www.telkab.pl\/#\/schema\/logo\/image\/","url":"https:\/\/www.telkab.pl\/wp-content\/uploads\/2022\/06\/logo.png","contentUrl":"https:\/\/www.telkab.pl\/wp-content\/uploads\/2022\/06\/logo.png","width":584,"height":276,"caption":"Tel-Kab \u015awiat\u0142ow\u00f3d"},"image":{"@id":"https:\/\/www.telkab.pl\/#\/schema\/logo\/image\/"},"sameAs":["https:\/\/www.facebook.com\/telkab.pruszkow\/","https:\/\/www.instagram.com\/telewizja_telkab\/","https:\/\/www.youtube.com\/channel\/UCJVNDsz7ohwAuXSBnWhTaSA"]}]}},"jetpack_sharing_enabled":true,"_links":{"self":[{"href":"https:\/\/www.telkab.pl\/index.php\/wp-json\/wp\/v2\/pages\/12033","targetHints":{"allow":["GET"]}}],"collection":[{"href":"https:\/\/www.telkab.pl\/index.php\/wp-json\/wp\/v2\/pages"}],"about":[{"href":"https:\/\/www.telkab.pl\/index.php\/wp-json\/wp\/v2\/types\/page"}],"author":[{"embeddable":true,"href":"https:\/\/www.telkab.pl\/index.php\/wp-json\/wp\/v2\/users\/1"}],"replies":[{"embeddable":true,"href":"https:\/\/www.telkab.pl\/index.php\/wp-json\/wp\/v2\/comments?post=12033"}],"version-history":[{"count":47,"href":"https:\/\/www.telkab.pl\/index.php\/wp-json\/wp\/v2\/pages\/12033\/revisions"}],"predecessor-version":[{"id":12735,"href":"https:\/\/www.telkab.pl\/index.php\/wp-json\/wp\/v2\/pages\/12033\/revisions\/12735"}],"wp:attachment":[{"href":"https:\/\/www.telkab.pl\/index.php\/wp-json\/wp\/v2\/media?parent=12033"}],"curies":[{"name":"wp","href":"https:\/\/api.w.org\/{rel}","templated":true}]}}