{"id":1871,"date":"2019-08-13T10:58:00","date_gmt":"2019-08-13T08:58:00","guid":{"rendered":"http:\/\/10.0.8.107\/?page_id=1871"},"modified":"2024-09-13T12:36:12","modified_gmt":"2024-09-13T10:36:12","slug":"telefon","status":"publish","type":"page","link":"https:\/\/www.telkab.pl\/index.php\/telefon\/","title":{"rendered":"Telefon"},"content":{"rendered":"<div class=\"wpb-content-wrapper\"><p>[vc_row margin_top=&#8221;-70px&#8221; full_width_row=&#8221;true&#8221;][vc_column offset=&#8221;vc_hidden-md vc_hidden-sm vc_hidden-xs&#8221;][vc_single_image image=&#8221;10315&#8243; img_size=&#8221;full&#8221; alignment=&#8221;center&#8221;][vc_empty_space height=&#8221;20px&#8221;][\/vc_column][\/vc_row][vc_row margin_top=&#8221;0&#8243; full_width_row=&#8221;true&#8221;][vc_column offset=&#8221;vc_hidden-lg&#8221;][vc_single_image image=&#8221;11238&#8243; img_size=&#8221;full&#8221; alignment=&#8221;center&#8221; css=&#8221;&#8221; lazy_loading=&#8221;true&#8221;][\/vc_column][\/vc_row][vc_row min_height=&#8221;20&#8243;][vc_column width=&#8221;1\/3&#8243; offset=&#8221;vc_hidden-md vc_hidden-sm vc_hidden-xs&#8221;][vc_single_image image=&#8221;5080&#8243; img_size=&#8221;full&#8221; alignment=&#8221;center&#8221; onclick=&#8221;custom_link&#8221; css=&#8221;&#8221; image_hovers=&#8221;false&#8221; lazy_loading=&#8221;true&#8221; link=&#8221;https:\/\/www.telkab.pl\/index.php\/telefon-tak-slucham\/&#8221;][vc_empty_space height=&#8221;20px&#8221;][vc_single_image image=&#8221;4512&#8243; img_size=&#8221;full&#8221; alignment=&#8221;center&#8221; onclick=&#8221;custom_link&#8221; css=&#8221;&#8221; image_hovers=&#8221;false&#8221; lazy_loading=&#8221;true&#8221; link=&#8221;https:\/\/www.telkab.pl\/index.php\/telefon-tak-slucham\/&#8221;][vc_empty_space height=&#8221;20px&#8221;][\/vc_column][vc_column width=&#8221;1\/3&#8243; offset=&#8221;vc_hidden-md vc_hidden-sm vc_hidden-xs&#8221;][vc_single_image image=&#8221;5070&#8243; img_size=&#8221;full&#8221; alignment=&#8221;center&#8221; onclick=&#8221;custom_link&#8221; css=&#8221;&#8221; image_hovers=&#8221;false&#8221; lazy_loading=&#8221;true&#8221; link=&#8221;https:\/\/www.telkab.pl\/index.php\/telefon-no-limit-solo\/&#8221;][vc_empty_space height=&#8221;20px&#8221;][vc_single_image image=&#8221;4512&#8243; img_size=&#8221;full&#8221; alignment=&#8221;center&#8221; onclick=&#8221;custom_link&#8221; css=&#8221;&#8221; image_hovers=&#8221;false&#8221; lazy_loading=&#8221;true&#8221; link=&#8221;https:\/\/www.telkab.pl\/index.php\/telefon-no-limit\/&#8221;][vc_empty_space height=&#8221;20px&#8221;][\/vc_column][vc_column width=&#8221;1\/3&#8243; offset=&#8221;vc_hidden-md vc_hidden-sm vc_hidden-xs&#8221;][vc_single_image image=&#8221;5069&#8243; img_size=&#8221;full&#8221; alignment=&#8221;center&#8221; onclick=&#8221;custom_link&#8221; css=&#8221;&#8221; image_hovers=&#8221;false&#8221; lazy_loading=&#8221;true&#8221; link=&#8221;https:\/\/www.telkab.pl\/index.php\/telefon-no-limit\/&#8221;][vc_empty_space height=&#8221;20px&#8221;][vc_single_image image=&#8221;4512&#8243; img_size=&#8221;full&#8221; alignment=&#8221;center&#8221; onclick=&#8221;custom_link&#8221; css=&#8221;&#8221; image_hovers=&#8221;false&#8221; lazy_loading=&#8221;true&#8221; link=&#8221;https:\/\/www.telkab.pl\/index.php\/telefon-no-limit-solo\/&#8221;][vc_empty_space height=&#8221;20px&#8221;][\/vc_column][\/vc_row][vc_row min_height=&#8221;20&#8243;][vc_column offset=&#8221;vc_hidden-lg&#8221;]<div id=\"ult-carousel-159425952569f29dab1c94a\" class=\"ult-carousel-wrapper  vc_custom_1698914963792  ult_full_width\" data-gutter=\"5\" data-rtl=\"false\" ><div class=\"ult-carousel-183358536869f29dab1c7a8 \" >[vc_single_image image=&#8221;5080&#8243; img_size=&#8221;full&#8221; alignment=&#8221;center&#8221; onclick=&#8221;custom_link&#8221; css=&#8221;&#8221; image_hovers=&#8221;false&#8221; lazy_loading=&#8221;true&#8221; link=&#8221;https:\/\/www.telkab.pl\/index.php\/telefon-tak-slucham\/&#8221;][vc_single_image image=&#8221;5069&#8243; img_size=&#8221;full&#8221; alignment=&#8221;center&#8221; onclick=&#8221;custom_link&#8221; css=&#8221;&#8221; image_hovers=&#8221;false&#8221; lazy_loading=&#8221;true&#8221; link=&#8221;https:\/\/www.telkab.pl\/index.php\/telefon-no-limit\/&#8221;][vc_single_image image=&#8221;5070&#8243; img_size=&#8221;full&#8221; alignment=&#8221;center&#8221; onclick=&#8221;custom_link&#8221; css=&#8221;&#8221; image_hovers=&#8221;false&#8221; lazy_loading=&#8221;true&#8221; link=&#8221;https:\/\/www.telkab.pl\/index.php\/telefon-no-limit-solo\/&#8221;]<\/div><\/div>\t\t\t<script type=\"text\/javascript\">\n\t\t\t\tjQuery(document).ready(function ($) {\n\t\t\t\t\tif( typeof jQuery('.ult-carousel-183358536869f29dab1c7a8').slick == \"function\"){\n\t\t\t\t\t\t$('.ult-carousel-183358536869f29dab1c7a8').slick({dots: true,autoplaySpeed: \"5000\",speed: \"300\",infinite: true,arrows: false,slidesToScroll:3,slidesToShow:3,swipe: true,draggable: true,touchMove: true,pauseOnHover: true,pauseOnFocus: false,responsive: [\n\t\t\t\t\t\t\t{\n\t\t\t\t\t\t\t  breakpoint: 1026,\n\t\t\t\t\t\t\t  settings: {\n\t\t\t\t\t\t\t\tslidesToShow: 3,\n\t\t\t\t\t\t\t\tslidesToScroll: 3,  \n\t\t\t\t\t\t\t  }\n\t\t\t\t\t\t\t},\n\t\t\t\t\t\t\t{\n\t\t\t\t\t\t\t  breakpoint: 1025,\n\t\t\t\t\t\t\t  settings: {\n\t\t\t\t\t\t\t\tslidesToShow: 3,\n\t\t\t\t\t\t\t\tslidesToScroll: 3\n\t\t\t\t\t\t\t  }\n\t\t\t\t\t\t\t},\n\t\t\t\t\t\t\t{\n\t\t\t\t\t\t\t  breakpoint: 760,\n\t\t\t\t\t\t\t  settings: {\n\t\t\t\t\t\t\t\tslidesToShow: 2,\n\t\t\t\t\t\t\t\tslidesToScroll: 2\n\t\t\t\t\t\t\t  }\n\t\t\t\t\t\t\t}\n\t\t\t\t\t\t],pauseOnDotsHover: true,customPaging: function(slider, i) {\n                   return '<i type=\"button\" style= \"color:#333333;\" class=\"ultsl-record\" data-role=\"none\"><\/i>';\n                },});\n\t\t\t\t\t}\n\t\t\t\t});\n\t\t\t<\/script>\n\t\t\t[vc_empty_space height=&#8221;40px&#8221;][\/vc_column][\/vc_row][vc_row min_height=&#8221;20&#8243;][vc_column width=&#8221;1\/2&#8243;][vc_single_image image=&#8221;5076&#8243; img_size=&#8221;full&#8221; alignment=&#8221;center&#8221; css=&#8221;&#8221; image_hovers=&#8221;false&#8221; lazy_loading=&#8221;true&#8221;][vc_empty_space height=&#8221;20px&#8221;][\/vc_column][vc_column width=&#8221;1\/2&#8243;][vc_single_image image=&#8221;5077&#8243; img_size=&#8221;full&#8221; alignment=&#8221;center&#8221; css=&#8221;&#8221; image_hovers=&#8221;false&#8221; lazy_loading=&#8221;true&#8221;][vc_empty_space height=&#8221;20px&#8221;][\/vc_column][\/vc_row][vc_row full_width_row=&#8221;true&#8221; min_height=&#8221;20&#8243;][vc_column offset=&#8221;vc_hidden-md vc_hidden-sm vc_hidden-xs&#8221;][vc_single_image image=&#8221;8853&#8243; img_size=&#8221;full&#8221; alignment=&#8221;center&#8221; onclick=&#8221;custom_link&#8221; css=&#8221;&#8221; image_hovers=&#8221;false&#8221; lazy_loading=&#8221;true&#8221; link=&#8221;https:\/\/www.telkab.pl\/index.php\/prawdziwy_swiatlowod\/&#8221;][vc_empty_space height=&#8221;20px&#8221;][vc_single_image image=&#8221;4561&#8243; img_size=&#8221;full&#8221; alignment=&#8221;center&#8221; css=&#8221;&#8221; image_hovers=&#8221;false&#8221; lazy_loading=&#8221;true&#8221;][vc_empty_space height=&#8221;20px&#8221;][\/vc_column][\/vc_row][vc_row full_width_row=&#8221;true&#8221; min_height=&#8221;20&#8243;][vc_column offset=&#8221;vc_hidden-lg&#8221;][vc_single_image image=&#8221;8853&#8243; img_size=&#8221;full&#8221; alignment=&#8221;center&#8221; onclick=&#8221;custom_link&#8221; css=&#8221;&#8221; image_hovers=&#8221;false&#8221; lazy_loading=&#8221;true&#8221; link=&#8221;https:\/\/www.telkab.pl\/index.php\/prawdziwy_swiatlowod\/&#8221;][vc_empty_space height=&#8221;20px&#8221;][vc_single_image image=&#8221;11141&#8243; img_size=&#8221;full&#8221; alignment=&#8221;center&#8221; css=&#8221;&#8221; image_hovers=&#8221;false&#8221; lazy_loading=&#8221;true&#8221;][\/vc_column][\/vc_row][vc_row][vc_column][vc_empty_space height=&#8221;20px&#8221;][\/vc_column][\/vc_row][vc_row][vc_column width=&#8221;1\/4&#8243; offset=&#8221;vc_hidden-md vc_hidden-sm vc_hidden-xs&#8221;][vc_single_image image=&#8221;4563&#8243; img_size=&#8221;full&#8221; alignment=&#8221;center&#8221; onclick=&#8221;custom_link&#8221; css=&#8221;&#8221; image_hovers=&#8221;false&#8221; lazy_loading=&#8221;true&#8221; link=&#8221;https:\/\/youtube.com\/playlist?list=PLCBSLVRP&#8211;i3FUtPXSfQHMLavNvmKe5lg&#8221;][\/vc_column][vc_column width=&#8221;1\/4&#8243; offset=&#8221;vc_hidden-md vc_hidden-sm vc_hidden-xs&#8221;][vc_single_image image=&#8221;4564&#8243; img_size=&#8221;full&#8221; alignment=&#8221;center&#8221; onclick=&#8221;custom_link&#8221; css=&#8221;&#8221; image_hovers=&#8221;false&#8221; lazy_loading=&#8221;true&#8221; link=&#8221;https:\/\/youtube.com\/playlist?list=PLCBSLVRP&#8211;i36otq1al6OPvY8HZIUsnSj&#8221;][\/vc_column][vc_column width=&#8221;1\/4&#8243; offset=&#8221;vc_hidden-md vc_hidden-sm vc_hidden-xs&#8221;][vc_single_image image=&#8221;4565&#8243; img_size=&#8221;full&#8221; alignment=&#8221;center&#8221; onclick=&#8221;custom_link&#8221; css=&#8221;&#8221; image_hovers=&#8221;false&#8221; lazy_loading=&#8221;true&#8221; link=&#8221;https:\/\/youtube.com\/playlist?list=PLCBSLVRP&#8211;i3ntQoQAO_Kq9TYzLvyJ5uy&#8221;][\/vc_column][vc_column width=&#8221;1\/4&#8243; offset=&#8221;vc_hidden-md vc_hidden-sm vc_hidden-xs&#8221;][vc_single_image image=&#8221;4567&#8243; img_size=&#8221;full&#8221; alignment=&#8221;center&#8221; onclick=&#8221;custom_link&#8221; css=&#8221;&#8221; image_hovers=&#8221;false&#8221; lazy_loading=&#8221;true&#8221; link=&#8221;https:\/\/youtube.com\/playlist?list=PLCBSLVRP&#8211;i2kyJgKUwoxKaAyRtMO4nzk&#8221;][\/vc_column][\/vc_row][vc_row][vc_column offset=&#8221;vc_hidden-lg&#8221;]<div id=\"ult-carousel-53650044569f29dab1cad9\" class=\"ult-carousel-wrapper  vc_custom_1698918775723  ult_full_width\" data-gutter=\"5\" data-rtl=\"false\" ><div class=\"ult-carousel-161530664669f29dab1ca99 \" >[vc_single_image image=&#8221;4563&#8243; img_size=&#8221;full&#8221; alignment=&#8221;center&#8221; onclick=&#8221;custom_link&#8221; image_hovers=&#8221;false&#8221; link=&#8221;https:\/\/youtube.com\/playlist?list=PLCBSLVRP&#8211;i3FUtPXSfQHMLavNvmKe5lg&#8221;][vc_single_image image=&#8221;4564&#8243; img_size=&#8221;full&#8221; alignment=&#8221;center&#8221; onclick=&#8221;custom_link&#8221; image_hovers=&#8221;false&#8221; link=&#8221;https:\/\/youtube.com\/playlist?list=PLCBSLVRP&#8211;i36otq1al6OPvY8HZIUsnSj&#8221;]<\/div><\/div>\t\t\t<script type=\"text\/javascript\">\n\t\t\t\tjQuery(document).ready(function ($) {\n\t\t\t\t\tif( typeof jQuery('.ult-carousel-161530664669f29dab1ca99').slick == \"function\"){\n\t\t\t\t\t\t$('.ult-carousel-161530664669f29dab1ca99').slick({dots: false,autoplaySpeed: \"5000\",speed: \"300\",infinite: true,arrows: false,slidesToScroll:5,slidesToShow:5,swipe: true,draggable: true,touchMove: true,pauseOnHover: true,pauseOnFocus: false,responsive: [\n\t\t\t\t\t\t\t{\n\t\t\t\t\t\t\t  breakpoint: 1026,\n\t\t\t\t\t\t\t  settings: {\n\t\t\t\t\t\t\t\tslidesToShow: 5,\n\t\t\t\t\t\t\t\tslidesToScroll: 5,  \n\t\t\t\t\t\t\t  }\n\t\t\t\t\t\t\t},\n\t\t\t\t\t\t\t{\n\t\t\t\t\t\t\t  breakpoint: 1025,\n\t\t\t\t\t\t\t  settings: {\n\t\t\t\t\t\t\t\tslidesToShow: 3,\n\t\t\t\t\t\t\t\tslidesToScroll: 3\n\t\t\t\t\t\t\t  }\n\t\t\t\t\t\t\t},\n\t\t\t\t\t\t\t{\n\t\t\t\t\t\t\t  breakpoint: 760,\n\t\t\t\t\t\t\t  settings: {\n\t\t\t\t\t\t\t\tslidesToShow: 2,\n\t\t\t\t\t\t\t\tslidesToScroll: 2\n\t\t\t\t\t\t\t  }\n\t\t\t\t\t\t\t}\n\t\t\t\t\t\t],pauseOnDotsHover: true,customPaging: function(slider, i) {\n                   return '<i type=\"button\" style= \"color:#333333;\" class=\"ultsl-record\" data-role=\"none\"><\/i>';\n                },});\n\t\t\t\t\t}\n\t\t\t\t});\n\t\t\t<\/script>\n\t\t\t<div id=\"ult-carousel-110550288769f29dab1cc74\" class=\"ult-carousel-wrapper  vc_custom_1698918782532  ult_full_width\" data-gutter=\"5\" data-rtl=\"false\" ><div class=\"ult-carousel-154707083969f29dab1cc36 \" >[vc_single_image image=&#8221;4565&#8243; img_size=&#8221;full&#8221; alignment=&#8221;center&#8221; onclick=&#8221;custom_link&#8221; image_hovers=&#8221;false&#8221; link=&#8221;https:\/\/youtube.com\/playlist?list=PLCBSLVRP&#8211;i3ntQoQAO_Kq9TYzLvyJ5uy&#8221;][vc_single_image image=&#8221;4567&#8243; img_size=&#8221;full&#8221; alignment=&#8221;center&#8221; onclick=&#8221;custom_link&#8221; image_hovers=&#8221;false&#8221; link=&#8221;https:\/\/youtube.com\/playlist?list=PLCBSLVRP&#8211;i2kyJgKUwoxKaAyRtMO4nzk&#8221;]<\/div><\/div>\t\t\t<script type=\"text\/javascript\">\n\t\t\t\tjQuery(document).ready(function ($) {\n\t\t\t\t\tif( typeof jQuery('.ult-carousel-154707083969f29dab1cc36').slick == \"function\"){\n\t\t\t\t\t\t$('.ult-carousel-154707083969f29dab1cc36').slick({dots: false,autoplaySpeed: \"5000\",speed: \"300\",infinite: true,arrows: false,slidesToScroll:5,slidesToShow:5,swipe: true,draggable: true,touchMove: true,pauseOnHover: true,pauseOnFocus: false,responsive: [\n\t\t\t\t\t\t\t{\n\t\t\t\t\t\t\t  breakpoint: 1026,\n\t\t\t\t\t\t\t  settings: {\n\t\t\t\t\t\t\t\tslidesToShow: 5,\n\t\t\t\t\t\t\t\tslidesToScroll: 5,  \n\t\t\t\t\t\t\t  }\n\t\t\t\t\t\t\t},\n\t\t\t\t\t\t\t{\n\t\t\t\t\t\t\t  breakpoint: 1025,\n\t\t\t\t\t\t\t  settings: {\n\t\t\t\t\t\t\t\tslidesToShow: 3,\n\t\t\t\t\t\t\t\tslidesToScroll: 3\n\t\t\t\t\t\t\t  }\n\t\t\t\t\t\t\t},\n\t\t\t\t\t\t\t{\n\t\t\t\t\t\t\t  breakpoint: 760,\n\t\t\t\t\t\t\t  settings: {\n\t\t\t\t\t\t\t\tslidesToShow: 2,\n\t\t\t\t\t\t\t\tslidesToScroll: 2\n\t\t\t\t\t\t\t  }\n\t\t\t\t\t\t\t}\n\t\t\t\t\t\t],pauseOnDotsHover: true,customPaging: function(slider, i) {\n                   return '<i type=\"button\" style= \"color:#333333;\" class=\"ultsl-record\" data-role=\"none\"><\/i>';\n                },});\n\t\t\t\t\t}\n\t\t\t\t});\n\t\t\t<\/script>\n\t\t\t[\/vc_column][\/vc_row]<\/p>\n<\/div>","protected":false},"excerpt":{"rendered":"<p>[vc_row margin_top=&#8221;-70px&#8221; full_width_row=&#8221;true&#8221;][vc_column offset=&#8221;vc_hidden-md vc_hidden-sm vc_hidden-xs&#8221;][vc_single_image image=&#8221;10315&#8243; img_size=&#8221;full&#8221; alignment=&#8221;center&#8221;][vc_empty_space height=&#8221;20px&#8221;][\/vc_column][\/vc_row][vc_row margin_top=&#8221;0&#8243; full_width_row=&#8221;true&#8221;][vc_column offset=&#8221;vc_hidden-lg&#8221;][vc_single_image image=&#8221;11238&#8243; img_size=&#8221;full&#8221; alignment=&#8221;center&#8221; css=&#8221;&#8221; lazy_loading=&#8221;true&#8221;][\/vc_column][\/vc_row][vc_row min_height=&#8221;20&#8243;][vc_column width=&#8221;1\/3&#8243; offset=&#8221;vc_hidden-md vc_hidden-sm vc_hidden-xs&#8221;][vc_single_image image=&#8221;5080&#8243; img_size=&#8221;full&#8221; alignment=&#8221;center&#8221; onclick=&#8221;custom_link&#8221; css=&#8221;&#8221; image_hovers=&#8221;false&#8221; lazy_loading=&#8221;true&#8221; link=&#8221;https:\/\/www.telkab.pl\/index.php\/telefon-tak-slucham\/&#8221;][vc_empty_space height=&#8221;20px&#8221;][vc_single_image image=&#8221;4512&#8243; img_size=&#8221;full&#8221; alignment=&#8221;center&#8221; onclick=&#8221;custom_link&#8221; css=&#8221;&#8221; image_hovers=&#8221;false&#8221; lazy_loading=&#8221;true&#8221; link=&#8221;https:\/\/www.telkab.pl\/index.php\/telefon-tak-slucham\/&#8221;][vc_empty_space height=&#8221;20px&#8221;][\/vc_column][vc_column width=&#8221;1\/3&#8243; offset=&#8221;vc_hidden-md vc_hidden-sm vc_hidden-xs&#8221;][vc_single_image image=&#8221;5070&#8243; img_size=&#8221;full&#8221; alignment=&#8221;center&#8221; onclick=&#8221;custom_link&#8221; css=&#8221;&#8221; image_hovers=&#8221;false&#8221; lazy_loading=&#8221;true&#8221; link=&#8221;https:\/\/www.telkab.pl\/index.php\/telefon-no-limit-solo\/&#8221;][vc_empty_space height=&#8221;20px&#8221;][vc_single_image image=&#8221;4512&#8243;&hellip;<\/p>\n","protected":false},"author":1,"featured_media":0,"parent":0,"menu_order":0,"comment_status":"closed","ping_status":"closed","template":"","meta":{"footnotes":"","_links_to":"","_links_to_target":""},"class_list":["post-1871","page","type-page","status-publish","hentry","description-off"],"yoast_head":"<!-- This site is optimized with the Yoast SEO Premium plugin v27.4 (Yoast SEO v27.4) - https:\/\/yoast.com\/product\/yoast-seo-premium-wordpress\/ -->\n<title>Najlepsze oferty telefonii stacjonarnej - Tel-Kab | Telewizja | Internet | Telefon<\/title>\n<meta name=\"description\" content=\"Telefonia stacjonarna, kt\u00f3ra spe\u0142ni Twoje oczekiwania.\" \/>\n<meta name=\"robots\" content=\"index, follow, max-snippet:-1, max-image-preview:large, max-video-preview:-1\" \/>\n<link rel=\"canonical\" href=\"https:\/\/www.telkab.pl\/index.php\/telefon\/\" \/>\n<meta property=\"og:locale\" content=\"pl_PL\" \/>\n<meta property=\"og:type\" content=\"article\" \/>\n<meta property=\"og:title\" content=\"Telefon\" \/>\n<meta property=\"og:description\" content=\"Telefonia stacjonarna, kt\u00f3ra spe\u0142ni Twoje oczekiwania.\" \/>\n<meta property=\"og:url\" content=\"https:\/\/www.telkab.pl\/index.php\/telefon\/\" \/>\n<meta property=\"og:site_name\" content=\"Tel-Kab | Telewizja | Internet | Telefon\" \/>\n<meta property=\"article:publisher\" content=\"https:\/\/www.facebook.com\/telkab.pruszkow\/\" \/>\n<meta property=\"article:modified_time\" content=\"2024-09-13T10:36:12+00:00\" \/>\n<meta property=\"og:image\" content=\"https:\/\/www.telkab.pl\/wp-content\/uploads\/2023\/09\/Internet_pro_495x600.jpg\" \/>\n\t<meta property=\"og:image:width\" content=\"495\" \/>\n\t<meta property=\"og:image:height\" content=\"600\" \/>\n\t<meta property=\"og:image:type\" content=\"image\/jpeg\" \/>\n<meta name=\"twitter:card\" content=\"summary_large_image\" \/>\n<meta name=\"twitter:label1\" content=\"Szacowany czas czytania\" \/>\n\t<meta name=\"twitter:data1\" content=\"7 minut\" \/>\n<script type=\"application\/ld+json\" class=\"yoast-schema-graph\">{\"@context\":\"https:\\\/\\\/schema.org\",\"@graph\":[{\"@type\":\"WebPage\",\"@id\":\"https:\\\/\\\/www.telkab.pl\\\/index.php\\\/telefon\\\/\",\"url\":\"https:\\\/\\\/www.telkab.pl\\\/index.php\\\/telefon\\\/\",\"name\":\"Najlepsze oferty telefonii stacjonarnej - Tel-Kab | Telewizja | Internet | Telefon\",\"isPartOf\":{\"@id\":\"https:\\\/\\\/www.telkab.pl\\\/#website\"},\"datePublished\":\"2019-08-13T08:58:00+00:00\",\"dateModified\":\"2024-09-13T10:36:12+00:00\",\"description\":\"Telefonia stacjonarna, kt\u00f3ra spe\u0142ni Twoje oczekiwania.\",\"breadcrumb\":{\"@id\":\"https:\\\/\\\/www.telkab.pl\\\/index.php\\\/telefon\\\/#breadcrumb\"},\"inLanguage\":\"pl-PL\",\"potentialAction\":[{\"@type\":\"ReadAction\",\"target\":[\"https:\\\/\\\/www.telkab.pl\\\/index.php\\\/telefon\\\/\"]}]},{\"@type\":\"BreadcrumbList\",\"@id\":\"https:\\\/\\\/www.telkab.pl\\\/index.php\\\/telefon\\\/#breadcrumb\",\"itemListElement\":[{\"@type\":\"ListItem\",\"position\":1,\"name\":\"Strona g\u0142\u00f3wna\",\"item\":\"https:\\\/\\\/www.telkab.pl\\\/\"},{\"@type\":\"ListItem\",\"position\":2,\"name\":\"Telefon\"}]},{\"@type\":\"WebSite\",\"@id\":\"https:\\\/\\\/www.telkab.pl\\\/#website\",\"url\":\"https:\\\/\\\/www.telkab.pl\\\/\",\"name\":\"Tel-Kab \u015awiat\u0142ow\u00f3d - najlepsza oferta w najnowszej technologii\",\"description\":\"Nasz \u015bwiat\u0142ow\u00f3d wyprzedza przysz\u0142o\u015b\u0107\",\"publisher\":{\"@id\":\"https:\\\/\\\/www.telkab.pl\\\/#organization\"},\"alternateName\":\"TELKAB - telewizja, Internet, telefon\",\"potentialAction\":[{\"@type\":\"SearchAction\",\"target\":{\"@type\":\"EntryPoint\",\"urlTemplate\":\"https:\\\/\\\/www.telkab.pl\\\/?s={search_term_string}\"},\"query-input\":{\"@type\":\"PropertyValueSpecification\",\"valueRequired\":true,\"valueName\":\"search_term_string\"}}],\"inLanguage\":\"pl-PL\"},{\"@type\":\"Organization\",\"@id\":\"https:\\\/\\\/www.telkab.pl\\\/#organization\",\"name\":\"Tel-Kab \u015awiat\u0142ow\u00f3d\",\"alternateName\":\"Tel-Kab Sp. z o.o.\",\"url\":\"https:\\\/\\\/www.telkab.pl\\\/\",\"logo\":{\"@type\":\"ImageObject\",\"inLanguage\":\"pl-PL\",\"@id\":\"https:\\\/\\\/www.telkab.pl\\\/#\\\/schema\\\/logo\\\/image\\\/\",\"url\":\"https:\\\/\\\/www.telkab.pl\\\/wp-content\\\/uploads\\\/2022\\\/06\\\/logo.png\",\"contentUrl\":\"https:\\\/\\\/www.telkab.pl\\\/wp-content\\\/uploads\\\/2022\\\/06\\\/logo.png\",\"width\":584,\"height\":276,\"caption\":\"Tel-Kab \u015awiat\u0142ow\u00f3d\"},\"image\":{\"@id\":\"https:\\\/\\\/www.telkab.pl\\\/#\\\/schema\\\/logo\\\/image\\\/\"},\"sameAs\":[\"https:\\\/\\\/www.facebook.com\\\/telkab.pruszkow\\\/\",\"https:\\\/\\\/www.instagram.com\\\/telewizja_telkab\\\/\",\"https:\\\/\\\/www.youtube.com\\\/channel\\\/UCJVNDsz7ohwAuXSBnWhTaSA\"]}]}<\/script>\n<!-- \/ Yoast SEO Premium plugin. -->","yoast_head_json":{"title":"Najlepsze oferty telefonii stacjonarnej - Tel-Kab | Telewizja | Internet | Telefon","description":"Telefonia stacjonarna, kt\u00f3ra spe\u0142ni Twoje oczekiwania.","robots":{"index":"index","follow":"follow","max-snippet":"max-snippet:-1","max-image-preview":"max-image-preview:large","max-video-preview":"max-video-preview:-1"},"canonical":"https:\/\/www.telkab.pl\/index.php\/telefon\/","og_locale":"pl_PL","og_type":"article","og_title":"Telefon","og_description":"Telefonia stacjonarna, kt\u00f3ra spe\u0142ni Twoje oczekiwania.","og_url":"https:\/\/www.telkab.pl\/index.php\/telefon\/","og_site_name":"Tel-Kab | Telewizja | Internet | Telefon","article_publisher":"https:\/\/www.facebook.com\/telkab.pruszkow\/","article_modified_time":"2024-09-13T10:36:12+00:00","og_image":[{"width":495,"height":600,"url":"https:\/\/www.telkab.pl\/wp-content\/uploads\/2023\/09\/Internet_pro_495x600.jpg","type":"image\/jpeg"}],"twitter_card":"summary_large_image","twitter_misc":{"Szacowany czas czytania":"7 minut"},"schema":{"@context":"https:\/\/schema.org","@graph":[{"@type":"WebPage","@id":"https:\/\/www.telkab.pl\/index.php\/telefon\/","url":"https:\/\/www.telkab.pl\/index.php\/telefon\/","name":"Najlepsze oferty telefonii stacjonarnej - Tel-Kab | Telewizja | Internet | Telefon","isPartOf":{"@id":"https:\/\/www.telkab.pl\/#website"},"datePublished":"2019-08-13T08:58:00+00:00","dateModified":"2024-09-13T10:36:12+00:00","description":"Telefonia stacjonarna, kt\u00f3ra spe\u0142ni Twoje oczekiwania.","breadcrumb":{"@id":"https:\/\/www.telkab.pl\/index.php\/telefon\/#breadcrumb"},"inLanguage":"pl-PL","potentialAction":[{"@type":"ReadAction","target":["https:\/\/www.telkab.pl\/index.php\/telefon\/"]}]},{"@type":"BreadcrumbList","@id":"https:\/\/www.telkab.pl\/index.php\/telefon\/#breadcrumb","itemListElement":[{"@type":"ListItem","position":1,"name":"Strona g\u0142\u00f3wna","item":"https:\/\/www.telkab.pl\/"},{"@type":"ListItem","position":2,"name":"Telefon"}]},{"@type":"WebSite","@id":"https:\/\/www.telkab.pl\/#website","url":"https:\/\/www.telkab.pl\/","name":"Tel-Kab \u015awiat\u0142ow\u00f3d - najlepsza oferta w najnowszej technologii","description":"Nasz \u015bwiat\u0142ow\u00f3d wyprzedza przysz\u0142o\u015b\u0107","publisher":{"@id":"https:\/\/www.telkab.pl\/#organization"},"alternateName":"TELKAB - telewizja, Internet, telefon","potentialAction":[{"@type":"SearchAction","target":{"@type":"EntryPoint","urlTemplate":"https:\/\/www.telkab.pl\/?s={search_term_string}"},"query-input":{"@type":"PropertyValueSpecification","valueRequired":true,"valueName":"search_term_string"}}],"inLanguage":"pl-PL"},{"@type":"Organization","@id":"https:\/\/www.telkab.pl\/#organization","name":"Tel-Kab \u015awiat\u0142ow\u00f3d","alternateName":"Tel-Kab Sp. z o.o.","url":"https:\/\/www.telkab.pl\/","logo":{"@type":"ImageObject","inLanguage":"pl-PL","@id":"https:\/\/www.telkab.pl\/#\/schema\/logo\/image\/","url":"https:\/\/www.telkab.pl\/wp-content\/uploads\/2022\/06\/logo.png","contentUrl":"https:\/\/www.telkab.pl\/wp-content\/uploads\/2022\/06\/logo.png","width":584,"height":276,"caption":"Tel-Kab \u015awiat\u0142ow\u00f3d"},"image":{"@id":"https:\/\/www.telkab.pl\/#\/schema\/logo\/image\/"},"sameAs":["https:\/\/www.facebook.com\/telkab.pruszkow\/","https:\/\/www.instagram.com\/telewizja_telkab\/","https:\/\/www.youtube.com\/channel\/UCJVNDsz7ohwAuXSBnWhTaSA"]}]}},"jetpack_sharing_enabled":true,"_links":{"self":[{"href":"https:\/\/www.telkab.pl\/index.php\/wp-json\/wp\/v2\/pages\/1871","targetHints":{"allow":["GET"]}}],"collection":[{"href":"https:\/\/www.telkab.pl\/index.php\/wp-json\/wp\/v2\/pages"}],"about":[{"href":"https:\/\/www.telkab.pl\/index.php\/wp-json\/wp\/v2\/types\/page"}],"author":[{"embeddable":true,"href":"https:\/\/www.telkab.pl\/index.php\/wp-json\/wp\/v2\/users\/1"}],"replies":[{"embeddable":true,"href":"https:\/\/www.telkab.pl\/index.php\/wp-json\/wp\/v2\/comments?post=1871"}],"version-history":[{"count":128,"href":"https:\/\/www.telkab.pl\/index.php\/wp-json\/wp\/v2\/pages\/1871\/revisions"}],"predecessor-version":[{"id":12195,"href":"https:\/\/www.telkab.pl\/index.php\/wp-json\/wp\/v2\/pages\/1871\/revisions\/12195"}],"wp:attachment":[{"href":"https:\/\/www.telkab.pl\/index.php\/wp-json\/wp\/v2\/media?parent=1871"}],"curies":[{"name":"wp","href":"https:\/\/api.w.org\/{rel}","templated":true}]}}