{"id":5082,"date":"2022-05-24T10:35:38","date_gmt":"2022-05-24T08:35:38","guid":{"rendered":"http:\/\/10.0.8.107\/?page_id=5082"},"modified":"2024-09-13T12:41:16","modified_gmt":"2024-09-13T10:41:16","slug":"telefon-tak-slucham","status":"publish","type":"page","link":"https:\/\/www.telkab.pl\/index.php\/telefon-tak-slucham\/","title":{"rendered":"Telefon Tak S\u0142ucham"},"content":{"rendered":"<div class=\"wpb-content-wrapper\"><p>[vc_row margin_top=&#8221;-70&#8243; full_width_row=&#8221;true&#8221;][vc_column offset=&#8221;vc_hidden-md vc_hidden-sm vc_hidden-xs&#8221;][vc_single_image image=&#8221;5110&#8243; img_size=&#8221;full&#8221; alignment=&#8221;center&#8221;][vc_empty_space height=&#8221;20px&#8221;][\/vc_column][\/vc_row][vc_row full_width_row=&#8221;true&#8221;][vc_column offset=&#8221;vc_hidden-lg&#8221;][vc_single_image image=&#8221;11251&#8243; img_size=&#8221;full&#8221; alignment=&#8221;center&#8221; css=&#8221;&#8221; lazy_loading=&#8221;true&#8221;][\/vc_column][\/vc_row][vc_row full_width_row=&#8221;true&#8221; min_height=&#8221;20&#8243;][vc_column width=&#8221;1\/4&#8243; offset=&#8221;vc_hidden-md vc_hidden-sm vc_hidden-xs&#8221;][vc_single_image image=&#8221;5087&#8243; img_size=&#8221;full&#8221; alignment=&#8221;center&#8221; css=&#8221;&#8221; image_hovers=&#8221;false&#8221; lazy_loading=&#8221;true&#8221;][vc_empty_space height=&#8221;20px&#8221;][\/vc_column][vc_column width=&#8221;1\/4&#8243; offset=&#8221;vc_hidden-md vc_hidden-sm vc_hidden-xs&#8221;][vc_single_image image=&#8221;5086&#8243; img_size=&#8221;full&#8221; alignment=&#8221;center&#8221; css=&#8221;&#8221; image_hovers=&#8221;false&#8221; lazy_loading=&#8221;true&#8221;][vc_empty_space height=&#8221;20px&#8221;][\/vc_column][vc_column width=&#8221;1\/4&#8243; offset=&#8221;vc_hidden-md vc_hidden-sm vc_hidden-xs&#8221;][vc_single_image image=&#8221;5088&#8243; img_size=&#8221;full&#8221; alignment=&#8221;center&#8221; css=&#8221;&#8221; image_hovers=&#8221;false&#8221; lazy_loading=&#8221;true&#8221;][vc_empty_space height=&#8221;20px&#8221;][\/vc_column][vc_column width=&#8221;1\/4&#8243; offset=&#8221;vc_hidden-md vc_hidden-sm vc_hidden-xs&#8221;][vc_single_image image=&#8221;5089&#8243; img_size=&#8221;full&#8221; alignment=&#8221;center&#8221; css=&#8221;&#8221; image_hovers=&#8221;false&#8221; lazy_loading=&#8221;true&#8221;][vc_empty_space height=&#8221;20px&#8221;][\/vc_column][\/vc_row][vc_row full_width_row=&#8221;true&#8221; min_height=&#8221;20&#8243;][vc_column offset=&#8221;vc_hidden-lg&#8221;]<div id=\"ult-carousel-238287668869f4339fdf630\" class=\"ult-carousel-wrapper  vc_custom_1698918728723  ult_full_width\" data-gutter=\"5\" data-rtl=\"false\" ><div class=\"ult-carousel-224200623269f4339fdf4f2 \" >[vc_single_image image=&#8221;5086&#8243; img_size=&#8221;full&#8221; alignment=&#8221;center&#8221; css=&#8221;&#8221; image_hovers=&#8221;false&#8221; lazy_loading=&#8221;true&#8221;][vc_single_image image=&#8221;5087&#8243; img_size=&#8221;full&#8221; alignment=&#8221;center&#8221; css=&#8221;&#8221; image_hovers=&#8221;false&#8221; lazy_loading=&#8221;true&#8221;]<\/div><\/div>\t\t\t<script type=\"text\/javascript\">\n\t\t\t\tjQuery(document).ready(function ($) {\n\t\t\t\t\tif( typeof jQuery('.ult-carousel-224200623269f4339fdf4f2').slick == \"function\"){\n\t\t\t\t\t\t$('.ult-carousel-224200623269f4339fdf4f2').slick({dots: false,autoplaySpeed: \"5000\",speed: \"300\",infinite: true,arrows: false,slidesToScroll:4,slidesToShow:4,swipe: true,draggable: true,touchMove: true,pauseOnHover: true,pauseOnFocus: false,responsive: [\n\t\t\t\t\t\t\t{\n\t\t\t\t\t\t\t  breakpoint: 1026,\n\t\t\t\t\t\t\t  settings: {\n\t\t\t\t\t\t\t\tslidesToShow: 4,\n\t\t\t\t\t\t\t\tslidesToScroll: 4,  \n\t\t\t\t\t\t\t  }\n\t\t\t\t\t\t\t},\n\t\t\t\t\t\t\t{\n\t\t\t\t\t\t\t  breakpoint: 1025,\n\t\t\t\t\t\t\t  settings: {\n\t\t\t\t\t\t\t\tslidesToShow: 3,\n\t\t\t\t\t\t\t\tslidesToScroll: 3\n\t\t\t\t\t\t\t  }\n\t\t\t\t\t\t\t},\n\t\t\t\t\t\t\t{\n\t\t\t\t\t\t\t  breakpoint: 760,\n\t\t\t\t\t\t\t  settings: {\n\t\t\t\t\t\t\t\tslidesToShow: 2,\n\t\t\t\t\t\t\t\tslidesToScroll: 2\n\t\t\t\t\t\t\t  }\n\t\t\t\t\t\t\t}\n\t\t\t\t\t\t],pauseOnDotsHover: true,customPaging: function(slider, i) {\n                   return '<i type=\"button\" style= \"color:#333333;\" class=\"ultsl-record\" data-role=\"none\"><\/i>';\n                },});\n\t\t\t\t\t}\n\t\t\t\t});\n\t\t\t<\/script>\n\t\t\t<div id=\"ult-carousel-397532542269f4339fdf88f\" class=\"ult-carousel-wrapper  vc_custom_1698918736380  ult_full_width\" data-gutter=\"5\" data-rtl=\"false\" ><div class=\"ult-carousel-313055518369f4339fdf844 \" >[vc_single_image image=&#8221;5088&#8243; img_size=&#8221;full&#8221; alignment=&#8221;center&#8221; css=&#8221;&#8221; image_hovers=&#8221;false&#8221; lazy_loading=&#8221;true&#8221;][vc_single_image image=&#8221;5089&#8243; img_size=&#8221;full&#8221; alignment=&#8221;center&#8221; css=&#8221;&#8221; image_hovers=&#8221;false&#8221; lazy_loading=&#8221;true&#8221;]<\/div><\/div>\t\t\t<script type=\"text\/javascript\">\n\t\t\t\tjQuery(document).ready(function ($) {\n\t\t\t\t\tif( typeof jQuery('.ult-carousel-313055518369f4339fdf844').slick == \"function\"){\n\t\t\t\t\t\t$('.ult-carousel-313055518369f4339fdf844').slick({dots: false,autoplaySpeed: \"5000\",speed: \"300\",infinite: true,arrows: false,slidesToScroll:4,slidesToShow:4,swipe: true,draggable: true,touchMove: true,pauseOnHover: true,pauseOnFocus: false,responsive: [\n\t\t\t\t\t\t\t{\n\t\t\t\t\t\t\t  breakpoint: 1026,\n\t\t\t\t\t\t\t  settings: {\n\t\t\t\t\t\t\t\tslidesToShow: 4,\n\t\t\t\t\t\t\t\tslidesToScroll: 4,  \n\t\t\t\t\t\t\t  }\n\t\t\t\t\t\t\t},\n\t\t\t\t\t\t\t{\n\t\t\t\t\t\t\t  breakpoint: 1025,\n\t\t\t\t\t\t\t  settings: {\n\t\t\t\t\t\t\t\tslidesToShow: 3,\n\t\t\t\t\t\t\t\tslidesToScroll: 3\n\t\t\t\t\t\t\t  }\n\t\t\t\t\t\t\t},\n\t\t\t\t\t\t\t{\n\t\t\t\t\t\t\t  breakpoint: 760,\n\t\t\t\t\t\t\t  settings: {\n\t\t\t\t\t\t\t\tslidesToShow: 2,\n\t\t\t\t\t\t\t\tslidesToScroll: 2\n\t\t\t\t\t\t\t  }\n\t\t\t\t\t\t\t}\n\t\t\t\t\t\t],pauseOnDotsHover: true,customPaging: function(slider, i) {\n                   return '<i type=\"button\" style= \"color:#333333;\" class=\"ultsl-record\" data-role=\"none\"><\/i>';\n                },});\n\t\t\t\t\t}\n\t\t\t\t});\n\t\t\t<\/script>\n\t\t\t[\/vc_column][\/vc_row][vc_row full_width_row=&#8221;true&#8221; min_height=&#8221;20&#8243;][vc_column offset=&#8221;vc_hidden-md vc_hidden-sm vc_hidden-xs&#8221;][vc_single_image image=&#8221;5090&#8243; img_size=&#8221;full&#8221; alignment=&#8221;center&#8221; css=&#8221;&#8221; lazy_loading=&#8221;true&#8221;][vc_empty_space height=&#8221;20px&#8221;][vc_single_image image=&#8221;8853&#8243; img_size=&#8221;full&#8221; alignment=&#8221;center&#8221; onclick=&#8221;custom_link&#8221; css=&#8221;&#8221; lazy_loading=&#8221;true&#8221; link=&#8221;https:\/\/www.telkab.pl\/index.php\/prawdziwy_swiatlowod\/&#8221;][\/vc_column][\/vc_row][vc_row full_width_row=&#8221;true&#8221; min_height=&#8221;20&#8243;][vc_column offset=&#8221;vc_hidden-lg&#8221;][vc_single_image image=&#8221;11039&#8243; img_size=&#8221;full&#8221; alignment=&#8221;center&#8221; css=&#8221;&#8221; lazy_loading=&#8221;true&#8221;][vc_column_text css=&#8221;.vc_custom_1698923563382{background-color: #34beec !important;}&#8221;]<\/p>\n<p style=\"text-align: center;\"><span style=\"color: #ffffff;\"><span class=\"TextRun SCXW231393938 BCX0\" lang=\"PL-PL\" xml:lang=\"PL-PL\" data-contrast=\"auto\"><span class=\"NormalTextRun SCXW231393938 BCX0\">Podane abonamenty zawieraj\u0105 <\/span><span class=\"NormalTextRun SpellingErrorV2Themed SCXW231393938 BCX0\">Ekorabat<\/span><span class=\"NormalTextRun SCXW231393938 BCX0\"> &#8211; zgoda na e-faktur\u0119 (2.50 z\u0142) oraz <\/span><span class=\"NormalTextRun SpellingErrorV2Themed SCXW231393938 BCX0\">Specrabat<\/span><span class=\"NormalTextRun SCXW231393938 BCX0\"> &#8211; zgoda na przetwarzanie danych w pe\u0142nym zakresie, w tym marketing (2.50 z\u0142). Pakiet dost\u0119pny tylko dla numer\u00f3w przenoszonych do Tel-<\/span><span class=\"NormalTextRun SpellingErrorV2Themed SCXW231393938 BCX0\">Kab<\/span><span class=\"NormalTextRun SCXW231393938 BCX0\"> od innych operator\u00f3w. Jako dodatkowa us\u0142uga mo\u017cliwa do dobrania do Pakiet\u00f3w g\u0142\u00f3wnych zawartych po 01.04.2019. Oferta za 1 z\u0142 \/ m-c dotyczy Klient\u00f3w nowych &#8211; niekorzystaj\u0105cych wcze\u015bniej z us\u0142ugi telefonii stacjonarnej.<\/span><\/span><span class=\"EOP SCXW231393938 BCX0\" data-ccp-props=\"{&quot;201341983&quot;:0,&quot;335559739&quot;:160,&quot;335559740&quot;:259}\">\u00a0<\/span><\/span><\/p>\n<p>[\/vc_column_text][vc_empty_space height=&#8221;20px&#8221;][vc_single_image image=&#8221;8853&#8243; img_size=&#8221;full&#8221; alignment=&#8221;center&#8221; onclick=&#8221;custom_link&#8221; css=&#8221;&#8221; lazy_loading=&#8221;true&#8221; link=&#8221;https:\/\/www.telkab.pl\/index.php\/prawdziwy_swiatlowod\/&#8221;][\/vc_column][\/vc_row][vc_row full_width_row=&#8221;true&#8221; min_height=&#8221;20&#8243;][vc_column offset=&#8221;vc_hidden-md vc_hidden-sm vc_hidden-xs&#8221;][vc_empty_space height=&#8221;20px&#8221;][vc_single_image image=&#8221;4561&#8243; img_size=&#8221;full&#8221; alignment=&#8221;center&#8221; css=&#8221;&#8221; lazy_loading=&#8221;true&#8221;][vc_empty_space height=&#8221;20px&#8221;][\/vc_column][\/vc_row][vc_row full_width_row=&#8221;true&#8221; min_height=&#8221;20&#8243;][vc_column offset=&#8221;vc_hidden-lg&#8221;][vc_single_image image=&#8221;11141&#8243; img_size=&#8221;full&#8221; alignment=&#8221;center&#8221; css=&#8221;&#8221; lazy_loading=&#8221;true&#8221;][\/vc_column][\/vc_row][vc_row][vc_column][vc_empty_space height=&#8221;20px&#8221;][\/vc_column][\/vc_row][vc_row][vc_column width=&#8221;1\/4&#8243; offset=&#8221;vc_hidden-md vc_hidden-sm vc_hidden-xs&#8221;][vc_single_image image=&#8221;4563&#8243; img_size=&#8221;full&#8221; alignment=&#8221;center&#8221; onclick=&#8221;custom_link&#8221; css=&#8221;&#8221; lazy_loading=&#8221;true&#8221; link=&#8221;https:\/\/youtube.com\/playlist?list=PLCBSLVRP&#8211;i3FUtPXSfQHMLavNvmKe5lg&#8221;][\/vc_column][vc_column width=&#8221;1\/4&#8243; offset=&#8221;vc_hidden-md vc_hidden-sm vc_hidden-xs&#8221;][vc_single_image image=&#8221;4564&#8243; img_size=&#8221;full&#8221; alignment=&#8221;center&#8221; onclick=&#8221;custom_link&#8221; css=&#8221;&#8221; lazy_loading=&#8221;true&#8221; link=&#8221;https:\/\/youtube.com\/playlist?list=PLCBSLVRP&#8211;i36otq1al6OPvY8HZIUsnSj&#8221;][\/vc_column][vc_column width=&#8221;1\/4&#8243; offset=&#8221;vc_hidden-md vc_hidden-sm vc_hidden-xs&#8221;][vc_single_image image=&#8221;4565&#8243; img_size=&#8221;full&#8221; alignment=&#8221;center&#8221; onclick=&#8221;custom_link&#8221; css=&#8221;&#8221; lazy_loading=&#8221;true&#8221; link=&#8221;https:\/\/youtube.com\/playlist?list=PLCBSLVRP&#8211;i3ntQoQAO_Kq9TYzLvyJ5uy&#8221;][\/vc_column][vc_column width=&#8221;1\/4&#8243; offset=&#8221;vc_hidden-md vc_hidden-sm vc_hidden-xs&#8221;][vc_single_image image=&#8221;4567&#8243; img_size=&#8221;full&#8221; alignment=&#8221;center&#8221; onclick=&#8221;custom_link&#8221; css=&#8221;&#8221; lazy_loading=&#8221;true&#8221; link=&#8221;https:\/\/youtube.com\/playlist?list=PLCBSLVRP&#8211;i2kyJgKUwoxKaAyRtMO4nzk&#8221;][\/vc_column][\/vc_row][vc_row][vc_column offset=&#8221;vc_hidden-lg&#8221;]<div id=\"ult-carousel-323256363169f4339fdfaa9\" class=\"ult-carousel-wrapper  vc_custom_1698918746595  ult_full_width\" data-gutter=\"5\" data-rtl=\"false\" ><div class=\"ult-carousel-110656021769f4339fdfa64 \" >[vc_single_image image=&#8221;4563&#8243; img_size=&#8221;full&#8221; alignment=&#8221;center&#8221; onclick=&#8221;custom_link&#8221; css=&#8221;&#8221; lazy_loading=&#8221;true&#8221; link=&#8221;https:\/\/youtube.com\/playlist?list=PLCBSLVRP&#8211;i3FUtPXSfQHMLavNvmKe5lg&#8221;][vc_single_image image=&#8221;4564&#8243; img_size=&#8221;full&#8221; alignment=&#8221;center&#8221; onclick=&#8221;custom_link&#8221; css=&#8221;&#8221; lazy_loading=&#8221;true&#8221; link=&#8221;https:\/\/youtube.com\/playlist?list=PLCBSLVRP&#8211;i36otq1al6OPvY8HZIUsnSj&#8221;]<\/div><\/div>\t\t\t<script type=\"text\/javascript\">\n\t\t\t\tjQuery(document).ready(function ($) {\n\t\t\t\t\tif( typeof jQuery('.ult-carousel-110656021769f4339fdfa64').slick == \"function\"){\n\t\t\t\t\t\t$('.ult-carousel-110656021769f4339fdfa64').slick({dots: false,autoplaySpeed: \"5000\",speed: \"300\",infinite: true,arrows: false,slidesToScroll:4,slidesToShow:4,swipe: true,draggable: true,touchMove: true,pauseOnHover: true,pauseOnFocus: false,responsive: [\n\t\t\t\t\t\t\t{\n\t\t\t\t\t\t\t  breakpoint: 1026,\n\t\t\t\t\t\t\t  settings: {\n\t\t\t\t\t\t\t\tslidesToShow: 4,\n\t\t\t\t\t\t\t\tslidesToScroll: 4,  \n\t\t\t\t\t\t\t  }\n\t\t\t\t\t\t\t},\n\t\t\t\t\t\t\t{\n\t\t\t\t\t\t\t  breakpoint: 1025,\n\t\t\t\t\t\t\t  settings: {\n\t\t\t\t\t\t\t\tslidesToShow: 3,\n\t\t\t\t\t\t\t\tslidesToScroll: 3\n\t\t\t\t\t\t\t  }\n\t\t\t\t\t\t\t},\n\t\t\t\t\t\t\t{\n\t\t\t\t\t\t\t  breakpoint: 760,\n\t\t\t\t\t\t\t  settings: {\n\t\t\t\t\t\t\t\tslidesToShow: 2,\n\t\t\t\t\t\t\t\tslidesToScroll: 2\n\t\t\t\t\t\t\t  }\n\t\t\t\t\t\t\t}\n\t\t\t\t\t\t],pauseOnDotsHover: true,customPaging: function(slider, i) {\n                   return '<i type=\"button\" style= \"color:#333333;\" class=\"ultsl-record\" data-role=\"none\"><\/i>';\n                },});\n\t\t\t\t\t}\n\t\t\t\t});\n\t\t\t<\/script>\n\t\t\t<div id=\"ult-carousel-265666648169f4339fdfcc2\" class=\"ult-carousel-wrapper  vc_custom_1698918751604  ult_full_width\" data-gutter=\"5\" data-rtl=\"false\" ><div class=\"ult-carousel-50473926169f4339fdfc7e \" >[vc_single_image image=&#8221;4565&#8243; img_size=&#8221;full&#8221; alignment=&#8221;center&#8221; onclick=&#8221;custom_link&#8221; css=&#8221;&#8221; lazy_loading=&#8221;true&#8221; link=&#8221;https:\/\/youtube.com\/playlist?list=PLCBSLVRP&#8211;i3ntQoQAO_Kq9TYzLvyJ5uy&#8221;][vc_single_image image=&#8221;4567&#8243; img_size=&#8221;full&#8221; alignment=&#8221;center&#8221; onclick=&#8221;custom_link&#8221; css=&#8221;&#8221; lazy_loading=&#8221;true&#8221; link=&#8221;https:\/\/youtube.com\/playlist?list=PLCBSLVRP&#8211;i2kyJgKUwoxKaAyRtMO4nzk&#8221;]<\/div><\/div>\t\t\t<script type=\"text\/javascript\">\n\t\t\t\tjQuery(document).ready(function ($) {\n\t\t\t\t\tif( typeof jQuery('.ult-carousel-50473926169f4339fdfc7e').slick == \"function\"){\n\t\t\t\t\t\t$('.ult-carousel-50473926169f4339fdfc7e').slick({dots: false,autoplaySpeed: \"5000\",speed: \"300\",infinite: true,arrows: false,slidesToScroll:4,slidesToShow:4,swipe: true,draggable: true,touchMove: true,pauseOnHover: true,pauseOnFocus: false,responsive: [\n\t\t\t\t\t\t\t{\n\t\t\t\t\t\t\t  breakpoint: 1026,\n\t\t\t\t\t\t\t  settings: {\n\t\t\t\t\t\t\t\tslidesToShow: 4,\n\t\t\t\t\t\t\t\tslidesToScroll: 4,  \n\t\t\t\t\t\t\t  }\n\t\t\t\t\t\t\t},\n\t\t\t\t\t\t\t{\n\t\t\t\t\t\t\t  breakpoint: 1025,\n\t\t\t\t\t\t\t  settings: {\n\t\t\t\t\t\t\t\tslidesToShow: 3,\n\t\t\t\t\t\t\t\tslidesToScroll: 3\n\t\t\t\t\t\t\t  }\n\t\t\t\t\t\t\t},\n\t\t\t\t\t\t\t{\n\t\t\t\t\t\t\t  breakpoint: 760,\n\t\t\t\t\t\t\t  settings: {\n\t\t\t\t\t\t\t\tslidesToShow: 2,\n\t\t\t\t\t\t\t\tslidesToScroll: 2\n\t\t\t\t\t\t\t  }\n\t\t\t\t\t\t\t}\n\t\t\t\t\t\t],pauseOnDotsHover: true,customPaging: function(slider, i) {\n                   return '<i type=\"button\" style= \"color:#333333;\" class=\"ultsl-record\" data-role=\"none\"><\/i>';\n                },});\n\t\t\t\t\t}\n\t\t\t\t});\n\t\t\t<\/script>\n\t\t\t[\/vc_column][\/vc_row]<\/p>\n<\/div>","protected":false},"excerpt":{"rendered":"<p>[vc_row margin_top=&#8221;-70&#8243; full_width_row=&#8221;true&#8221;][vc_column offset=&#8221;vc_hidden-md vc_hidden-sm vc_hidden-xs&#8221;][vc_single_image image=&#8221;5110&#8243; img_size=&#8221;full&#8221; alignment=&#8221;center&#8221;][vc_empty_space height=&#8221;20px&#8221;][\/vc_column][\/vc_row][vc_row full_width_row=&#8221;true&#8221;][vc_column offset=&#8221;vc_hidden-lg&#8221;][vc_single_image image=&#8221;11251&#8243; img_size=&#8221;full&#8221; alignment=&#8221;center&#8221; css=&#8221;&#8221; lazy_loading=&#8221;true&#8221;][\/vc_column][\/vc_row][vc_row full_width_row=&#8221;true&#8221; min_height=&#8221;20&#8243;][vc_column width=&#8221;1\/4&#8243; offset=&#8221;vc_hidden-md vc_hidden-sm vc_hidden-xs&#8221;][vc_single_image image=&#8221;5087&#8243; img_size=&#8221;full&#8221; alignment=&#8221;center&#8221; css=&#8221;&#8221; image_hovers=&#8221;false&#8221; lazy_loading=&#8221;true&#8221;][vc_empty_space height=&#8221;20px&#8221;][\/vc_column][vc_column width=&#8221;1\/4&#8243; offset=&#8221;vc_hidden-md vc_hidden-sm vc_hidden-xs&#8221;][vc_single_image image=&#8221;5086&#8243; img_size=&#8221;full&#8221; alignment=&#8221;center&#8221; css=&#8221;&#8221; image_hovers=&#8221;false&#8221; lazy_loading=&#8221;true&#8221;][vc_empty_space height=&#8221;20px&#8221;][\/vc_column][vc_column width=&#8221;1\/4&#8243; offset=&#8221;vc_hidden-md vc_hidden-sm vc_hidden-xs&#8221;][vc_single_image image=&#8221;5088&#8243; img_size=&#8221;full&#8221; alignment=&#8221;center&#8221; css=&#8221;&#8221; image_hovers=&#8221;false&#8221; lazy_loading=&#8221;true&#8221;][vc_empty_space height=&#8221;20px&#8221;][\/vc_column][vc_column width=&#8221;1\/4&#8243; offset=&#8221;vc_hidden-md vc_hidden-sm&hellip;<\/p>\n","protected":false},"author":1,"featured_media":0,"parent":0,"menu_order":0,"comment_status":"closed","ping_status":"closed","template":"","meta":{"footnotes":"","_links_to":"","_links_to_target":""},"class_list":["post-5082","page","type-page","status-publish","hentry","description-off"],"yoast_head":"<!-- This site is optimized with the Yoast SEO Premium plugin v27.4 (Yoast SEO v27.4) - https:\/\/yoast.com\/product\/yoast-seo-premium-wordpress\/ -->\n<title>Telefon Tak S\u0142ucham - Tel-Kab | Telewizja | Internet | Telefon<\/title>\n<meta name=\"description\" content=\"Pe\u0142na wolno\u015b\u0107 wyboru! Po\u0142\u0105cz dowoln\u0105 opcj\u0119 Internetu z dowolnym pakietem telewizji. Sprawd\u017a nasz konfigurator Tel-Kab | Telewizja | Internet | Telefon\" \/>\n<meta name=\"robots\" content=\"index, follow, max-snippet:-1, max-image-preview:large, max-video-preview:-1\" \/>\n<link rel=\"canonical\" href=\"https:\/\/www.telkab.pl\/index.php\/telefon-tak-slucham\/\" \/>\n<meta property=\"og:locale\" content=\"pl_PL\" \/>\n<meta property=\"og:type\" content=\"article\" \/>\n<meta property=\"og:title\" content=\"Telefon Tak S\u0142ucham\" \/>\n<meta property=\"og:description\" content=\"Pe\u0142na wolno\u015b\u0107 wyboru! Po\u0142\u0105cz dowoln\u0105 opcj\u0119 Internetu z dowolnym pakietem telewizji. Sprawd\u017a nasz konfigurator Tel-Kab | Telewizja | Internet | Telefon\" \/>\n<meta property=\"og:url\" content=\"https:\/\/www.telkab.pl\/index.php\/telefon-tak-slucham\/\" \/>\n<meta property=\"og:site_name\" content=\"Tel-Kab | Telewizja | Internet | Telefon\" \/>\n<meta property=\"article:publisher\" content=\"https:\/\/www.facebook.com\/telkab.pruszkow\/\" \/>\n<meta property=\"article:modified_time\" content=\"2024-09-13T10:41:16+00:00\" \/>\n<meta property=\"og:image\" content=\"https:\/\/www.telkab.pl\/wp-content\/uploads\/2023\/09\/Internet_pro_495x600.jpg\" \/>\n\t<meta property=\"og:image:width\" content=\"495\" \/>\n\t<meta property=\"og:image:height\" content=\"600\" \/>\n\t<meta property=\"og:image:type\" content=\"image\/jpeg\" \/>\n<meta name=\"twitter:card\" content=\"summary_large_image\" \/>\n<meta name=\"twitter:label1\" content=\"Szacowany czas czytania\" \/>\n\t<meta name=\"twitter:data1\" content=\"8 minut\" \/>\n<script type=\"application\/ld+json\" class=\"yoast-schema-graph\">{\"@context\":\"https:\\\/\\\/schema.org\",\"@graph\":[{\"@type\":\"WebPage\",\"@id\":\"https:\\\/\\\/www.telkab.pl\\\/index.php\\\/telefon-tak-slucham\\\/\",\"url\":\"https:\\\/\\\/www.telkab.pl\\\/index.php\\\/telefon-tak-slucham\\\/\",\"name\":\"Telefon Tak S\u0142ucham - Tel-Kab | Telewizja | Internet | Telefon\",\"isPartOf\":{\"@id\":\"https:\\\/\\\/www.telkab.pl\\\/#website\"},\"datePublished\":\"2022-05-24T08:35:38+00:00\",\"dateModified\":\"2024-09-13T10:41:16+00:00\",\"description\":\"Pe\u0142na wolno\u015b\u0107 wyboru! Po\u0142\u0105cz dowoln\u0105 opcj\u0119 Internetu z dowolnym pakietem telewizji. Sprawd\u017a nasz konfigurator Tel-Kab | Telewizja | Internet | Telefon\",\"breadcrumb\":{\"@id\":\"https:\\\/\\\/www.telkab.pl\\\/index.php\\\/telefon-tak-slucham\\\/#breadcrumb\"},\"inLanguage\":\"pl-PL\",\"potentialAction\":[{\"@type\":\"ReadAction\",\"target\":[\"https:\\\/\\\/www.telkab.pl\\\/index.php\\\/telefon-tak-slucham\\\/\"]}]},{\"@type\":\"BreadcrumbList\",\"@id\":\"https:\\\/\\\/www.telkab.pl\\\/index.php\\\/telefon-tak-slucham\\\/#breadcrumb\",\"itemListElement\":[{\"@type\":\"ListItem\",\"position\":1,\"name\":\"Strona g\u0142\u00f3wna\",\"item\":\"https:\\\/\\\/www.telkab.pl\\\/\"},{\"@type\":\"ListItem\",\"position\":2,\"name\":\"Telefon Tak S\u0142ucham\"}]},{\"@type\":\"WebSite\",\"@id\":\"https:\\\/\\\/www.telkab.pl\\\/#website\",\"url\":\"https:\\\/\\\/www.telkab.pl\\\/\",\"name\":\"Tel-Kab \u015awiat\u0142ow\u00f3d - najlepsza oferta w najnowszej technologii\",\"description\":\"Nasz \u015bwiat\u0142ow\u00f3d wyprzedza przysz\u0142o\u015b\u0107\",\"publisher\":{\"@id\":\"https:\\\/\\\/www.telkab.pl\\\/#organization\"},\"alternateName\":\"TELKAB - telewizja, Internet, telefon\",\"potentialAction\":[{\"@type\":\"SearchAction\",\"target\":{\"@type\":\"EntryPoint\",\"urlTemplate\":\"https:\\\/\\\/www.telkab.pl\\\/?s={search_term_string}\"},\"query-input\":{\"@type\":\"PropertyValueSpecification\",\"valueRequired\":true,\"valueName\":\"search_term_string\"}}],\"inLanguage\":\"pl-PL\"},{\"@type\":\"Organization\",\"@id\":\"https:\\\/\\\/www.telkab.pl\\\/#organization\",\"name\":\"Tel-Kab \u015awiat\u0142ow\u00f3d\",\"alternateName\":\"Tel-Kab Sp. z o.o.\",\"url\":\"https:\\\/\\\/www.telkab.pl\\\/\",\"logo\":{\"@type\":\"ImageObject\",\"inLanguage\":\"pl-PL\",\"@id\":\"https:\\\/\\\/www.telkab.pl\\\/#\\\/schema\\\/logo\\\/image\\\/\",\"url\":\"https:\\\/\\\/www.telkab.pl\\\/wp-content\\\/uploads\\\/2022\\\/06\\\/logo.png\",\"contentUrl\":\"https:\\\/\\\/www.telkab.pl\\\/wp-content\\\/uploads\\\/2022\\\/06\\\/logo.png\",\"width\":584,\"height\":276,\"caption\":\"Tel-Kab \u015awiat\u0142ow\u00f3d\"},\"image\":{\"@id\":\"https:\\\/\\\/www.telkab.pl\\\/#\\\/schema\\\/logo\\\/image\\\/\"},\"sameAs\":[\"https:\\\/\\\/www.facebook.com\\\/telkab.pruszkow\\\/\",\"https:\\\/\\\/www.instagram.com\\\/telewizja_telkab\\\/\",\"https:\\\/\\\/www.youtube.com\\\/channel\\\/UCJVNDsz7ohwAuXSBnWhTaSA\"]}]}<\/script>\n<!-- \/ Yoast SEO Premium plugin. -->","yoast_head_json":{"title":"Telefon Tak S\u0142ucham - Tel-Kab | Telewizja | Internet | Telefon","description":"Pe\u0142na wolno\u015b\u0107 wyboru! Po\u0142\u0105cz dowoln\u0105 opcj\u0119 Internetu z dowolnym pakietem telewizji. Sprawd\u017a nasz konfigurator Tel-Kab | Telewizja | Internet | Telefon","robots":{"index":"index","follow":"follow","max-snippet":"max-snippet:-1","max-image-preview":"max-image-preview:large","max-video-preview":"max-video-preview:-1"},"canonical":"https:\/\/www.telkab.pl\/index.php\/telefon-tak-slucham\/","og_locale":"pl_PL","og_type":"article","og_title":"Telefon Tak S\u0142ucham","og_description":"Pe\u0142na wolno\u015b\u0107 wyboru! Po\u0142\u0105cz dowoln\u0105 opcj\u0119 Internetu z dowolnym pakietem telewizji. Sprawd\u017a nasz konfigurator Tel-Kab | Telewizja | Internet | Telefon","og_url":"https:\/\/www.telkab.pl\/index.php\/telefon-tak-slucham\/","og_site_name":"Tel-Kab | Telewizja | Internet | Telefon","article_publisher":"https:\/\/www.facebook.com\/telkab.pruszkow\/","article_modified_time":"2024-09-13T10:41:16+00:00","og_image":[{"width":495,"height":600,"url":"https:\/\/www.telkab.pl\/wp-content\/uploads\/2023\/09\/Internet_pro_495x600.jpg","type":"image\/jpeg"}],"twitter_card":"summary_large_image","twitter_misc":{"Szacowany czas czytania":"8 minut"},"schema":{"@context":"https:\/\/schema.org","@graph":[{"@type":"WebPage","@id":"https:\/\/www.telkab.pl\/index.php\/telefon-tak-slucham\/","url":"https:\/\/www.telkab.pl\/index.php\/telefon-tak-slucham\/","name":"Telefon Tak S\u0142ucham - Tel-Kab | Telewizja | Internet | Telefon","isPartOf":{"@id":"https:\/\/www.telkab.pl\/#website"},"datePublished":"2022-05-24T08:35:38+00:00","dateModified":"2024-09-13T10:41:16+00:00","description":"Pe\u0142na wolno\u015b\u0107 wyboru! Po\u0142\u0105cz dowoln\u0105 opcj\u0119 Internetu z dowolnym pakietem telewizji. Sprawd\u017a nasz konfigurator Tel-Kab | Telewizja | Internet | Telefon","breadcrumb":{"@id":"https:\/\/www.telkab.pl\/index.php\/telefon-tak-slucham\/#breadcrumb"},"inLanguage":"pl-PL","potentialAction":[{"@type":"ReadAction","target":["https:\/\/www.telkab.pl\/index.php\/telefon-tak-slucham\/"]}]},{"@type":"BreadcrumbList","@id":"https:\/\/www.telkab.pl\/index.php\/telefon-tak-slucham\/#breadcrumb","itemListElement":[{"@type":"ListItem","position":1,"name":"Strona g\u0142\u00f3wna","item":"https:\/\/www.telkab.pl\/"},{"@type":"ListItem","position":2,"name":"Telefon Tak S\u0142ucham"}]},{"@type":"WebSite","@id":"https:\/\/www.telkab.pl\/#website","url":"https:\/\/www.telkab.pl\/","name":"Tel-Kab \u015awiat\u0142ow\u00f3d - najlepsza oferta w najnowszej technologii","description":"Nasz \u015bwiat\u0142ow\u00f3d wyprzedza przysz\u0142o\u015b\u0107","publisher":{"@id":"https:\/\/www.telkab.pl\/#organization"},"alternateName":"TELKAB - telewizja, Internet, telefon","potentialAction":[{"@type":"SearchAction","target":{"@type":"EntryPoint","urlTemplate":"https:\/\/www.telkab.pl\/?s={search_term_string}"},"query-input":{"@type":"PropertyValueSpecification","valueRequired":true,"valueName":"search_term_string"}}],"inLanguage":"pl-PL"},{"@type":"Organization","@id":"https:\/\/www.telkab.pl\/#organization","name":"Tel-Kab \u015awiat\u0142ow\u00f3d","alternateName":"Tel-Kab Sp. z o.o.","url":"https:\/\/www.telkab.pl\/","logo":{"@type":"ImageObject","inLanguage":"pl-PL","@id":"https:\/\/www.telkab.pl\/#\/schema\/logo\/image\/","url":"https:\/\/www.telkab.pl\/wp-content\/uploads\/2022\/06\/logo.png","contentUrl":"https:\/\/www.telkab.pl\/wp-content\/uploads\/2022\/06\/logo.png","width":584,"height":276,"caption":"Tel-Kab \u015awiat\u0142ow\u00f3d"},"image":{"@id":"https:\/\/www.telkab.pl\/#\/schema\/logo\/image\/"},"sameAs":["https:\/\/www.facebook.com\/telkab.pruszkow\/","https:\/\/www.instagram.com\/telewizja_telkab\/","https:\/\/www.youtube.com\/channel\/UCJVNDsz7ohwAuXSBnWhTaSA"]}]}},"jetpack_sharing_enabled":true,"_links":{"self":[{"href":"https:\/\/www.telkab.pl\/index.php\/wp-json\/wp\/v2\/pages\/5082","targetHints":{"allow":["GET"]}}],"collection":[{"href":"https:\/\/www.telkab.pl\/index.php\/wp-json\/wp\/v2\/pages"}],"about":[{"href":"https:\/\/www.telkab.pl\/index.php\/wp-json\/wp\/v2\/types\/page"}],"author":[{"embeddable":true,"href":"https:\/\/www.telkab.pl\/index.php\/wp-json\/wp\/v2\/users\/1"}],"replies":[{"embeddable":true,"href":"https:\/\/www.telkab.pl\/index.php\/wp-json\/wp\/v2\/comments?post=5082"}],"version-history":[{"count":23,"href":"https:\/\/www.telkab.pl\/index.php\/wp-json\/wp\/v2\/pages\/5082\/revisions"}],"predecessor-version":[{"id":12199,"href":"https:\/\/www.telkab.pl\/index.php\/wp-json\/wp\/v2\/pages\/5082\/revisions\/12199"}],"wp:attachment":[{"href":"https:\/\/www.telkab.pl\/index.php\/wp-json\/wp\/v2\/media?parent=5082"}],"curies":[{"name":"wp","href":"https:\/\/api.w.org\/{rel}","templated":true}]}}