{"id":7563,"date":"2022-08-17T14:16:26","date_gmt":"2022-08-17T12:16:26","guid":{"rendered":"https:\/\/www.telkab.pl\/?page_id=7563"},"modified":"2022-08-17T14:16:26","modified_gmt":"2022-08-17T12:16:26","slug":"windows-10-brak-polaczenia-internetowego","status":"publish","type":"page","link":"https:\/\/www.telkab.pl\/index.php\/windows-10-brak-polaczenia-internetowego\/","title":{"rendered":"Windows 10 &#8211; brak po\u0142\u0105czenia internetowego"},"content":{"rendered":"<div class=\"wpb-content-wrapper\"><p>[vc_row][vc_column][vc_column_text]<\/p>\n<ol>\n<li>Klikn\u0105\u0107 prawym przyciskiem myszy na przycisk &#8222;Start&#8221;\u00a0<img loading=\"lazy\" decoding=\"async\" src=\"data:image\/webp;base64,UklGRpwAAABXRUJQVlA4TI8AAAAvJIAHAI+gkI0kaEdgBe71l1wNAgGKPOgB\/08y07ZN8nd\/B2X8gW3+I\/+fAxAKUNAtIRs2QLUC1BagWnbYAOM2khRN3zLv5p8uw919I\/o\/AXw9Y4xt8DeV9TEXolnaxlQ4tSdR9ZOtfaqcc6pyat8K1Tfi2oRU1oB3SuNiLksAPnmGmDEOAOuwA+oDADDwhgA=\" alt=\"\" width=\"100\" height=\"83\" data-pagespeed-url-hash=\"83729546\" \/>\u00a0 i wybra\u0107 opcj\u0119 &#8222;Wiersz polecenia (Administrator)<br \/>\n<img loading=\"lazy\" decoding=\"async\" src=\"https:\/\/oldwww.telkab.pl\/uploaded\/pomoc\/xpolecenia.png.pagespeed.ic.xa8CaLRjTb.webp\" alt=\"\" width=\"272\" height=\"601\" data-pagespeed-url-hash=\"1470080252\" \/><\/li>\n<li>Nast\u0119pnie wy\u015bwietli si\u0119 okno z czarnym t\u0142em &#8211; wpisujemy &#8222;netsh winsock reset&#8221; i klikamy enter.<br \/>\n<img loading=\"lazy\" decoding=\"async\" src=\"https:\/\/oldwww.telkab.pl\/uploaded\/pomoc\/xnetsh.png.pagespeed.ic.hGp_dGxxea.webp\" alt=\"\" width=\"653\" height=\"150\" data-pagespeed-url-hash=\"449990786\" \/><\/li>\n<li>Nast\u0119pnie wpisujemy &#8222;netsh int ip reset&#8221; i klikamy Enter.<br \/>\n<img loading=\"lazy\" decoding=\"async\" src=\"https:\/\/oldwww.telkab.pl\/uploaded\/pomoc\/xnetsh2.png.pagespeed.ic.qTRl2Aw7uh.webp\" alt=\"\" width=\"689\" height=\"150\" data-pagespeed-url-hash=\"4143879138\" \/><\/li>\n<li>Nast\u0119pnie uruchamiamy ponownie komputer, wszystko powinno ju\u017c dzia\u0142a\u0107.<\/li>\n<\/ol>\n<p>[\/vc_column_text][\/vc_column][\/vc_row]<\/p>\n<\/div>","protected":false},"excerpt":{"rendered":"<p>[vc_row][vc_column][vc_column_text] Klikn\u0105\u0107 prawym przyciskiem myszy na przycisk &#8222;Start&#8221;\u00a0\u00a0 i wybra\u0107 opcj\u0119 &#8222;Wiersz polecenia (Administrator) Nast\u0119pnie wy\u015bwietli si\u0119 okno z czarnym t\u0142em &#8211; wpisujemy &#8222;netsh winsock reset&#8221; i klikamy enter. Nast\u0119pnie wpisujemy &#8222;netsh int ip reset&#8221; i klikamy Enter. Nast\u0119pnie uruchamiamy ponownie komputer, wszystko powinno ju\u017c dzia\u0142a\u0107. [\/vc_column_text][\/vc_column][\/vc_row]<\/p>\n","protected":false},"author":1,"featured_media":0,"parent":0,"menu_order":0,"comment_status":"closed","ping_status":"closed","template":"","meta":{"footnotes":"","_links_to":"","_links_to_target":""},"class_list":["post-7563","page","type-page","status-publish","hentry","description-off"],"yoast_head":"<!-- This site is optimized with the Yoast SEO Premium plugin v27.6 (Yoast SEO v27.6) - https:\/\/yoast.com\/product\/yoast-seo-premium-wordpress\/ -->\n<title>Windows 10 - brak po\u0142\u0105czenia internetowego - Tel-Kab | Telewizja | Internet | Telefon<\/title>\n<meta name=\"description\" content=\"Pe\u0142na wolno\u015b\u0107 wyboru! Po\u0142\u0105cz dowoln\u0105 opcj\u0119 Internetu z dowolnym pakietem telewizji. Sprawd\u017a nasz konfigurator Tel-Kab | Telewizja | Internet | Telefon\" \/>\n<meta name=\"robots\" content=\"index, follow, max-snippet:-1, max-image-preview:large, max-video-preview:-1\" \/>\n<link rel=\"canonical\" href=\"https:\/\/www.telkab.pl\/index.php\/windows-10-brak-polaczenia-internetowego\/\" \/>\n<meta property=\"og:locale\" content=\"pl_PL\" \/>\n<meta property=\"og:type\" content=\"article\" \/>\n<meta property=\"og:title\" content=\"Windows 10 - brak po\u0142\u0105czenia internetowego\" \/>\n<meta property=\"og:description\" content=\"Pe\u0142na wolno\u015b\u0107 wyboru! Po\u0142\u0105cz dowoln\u0105 opcj\u0119 Internetu z dowolnym pakietem telewizji. Sprawd\u017a nasz konfigurator Tel-Kab | Telewizja | Internet | Telefon\" \/>\n<meta property=\"og:url\" content=\"https:\/\/www.telkab.pl\/index.php\/windows-10-brak-polaczenia-internetowego\/\" \/>\n<meta property=\"og:site_name\" content=\"Tel-Kab | Telewizja | Internet | Telefon\" \/>\n<meta property=\"article:publisher\" content=\"https:\/\/www.facebook.com\/telkab.pruszkow\/\" \/>\n<meta property=\"og:image\" content=\"https:\/\/oldwww.telkab.pl\/uploaded\/pomoc\/xpolecenia.png.pagespeed.ic.xa8CaLRjTb.webp\" \/>\n<meta name=\"twitter:card\" content=\"summary_large_image\" \/>\n<script type=\"application\/ld+json\" class=\"yoast-schema-graph\">{\"@context\":\"https:\\\/\\\/schema.org\",\"@graph\":[{\"@type\":\"WebPage\",\"@id\":\"https:\\\/\\\/www.telkab.pl\\\/index.php\\\/windows-10-brak-polaczenia-internetowego\\\/\",\"url\":\"https:\\\/\\\/www.telkab.pl\\\/index.php\\\/windows-10-brak-polaczenia-internetowego\\\/\",\"name\":\"Windows 10 - brak po\u0142\u0105czenia internetowego - Tel-Kab | Telewizja | Internet | Telefon\",\"isPartOf\":{\"@id\":\"https:\\\/\\\/www.telkab.pl\\\/#website\"},\"primaryImageOfPage\":{\"@id\":\"https:\\\/\\\/www.telkab.pl\\\/index.php\\\/windows-10-brak-polaczenia-internetowego\\\/#primaryimage\"},\"image\":{\"@id\":\"https:\\\/\\\/www.telkab.pl\\\/index.php\\\/windows-10-brak-polaczenia-internetowego\\\/#primaryimage\"},\"thumbnailUrl\":\"https:\\\/\\\/oldwww.telkab.pl\\\/uploaded\\\/pomoc\\\/xpolecenia.png.pagespeed.ic.xa8CaLRjTb.webp\",\"datePublished\":\"2022-08-17T12:16:26+00:00\",\"description\":\"Pe\u0142na wolno\u015b\u0107 wyboru! Po\u0142\u0105cz dowoln\u0105 opcj\u0119 Internetu z dowolnym pakietem telewizji. Sprawd\u017a nasz konfigurator Tel-Kab | Telewizja | Internet | Telefon\",\"breadcrumb\":{\"@id\":\"https:\\\/\\\/www.telkab.pl\\\/index.php\\\/windows-10-brak-polaczenia-internetowego\\\/#breadcrumb\"},\"inLanguage\":\"pl-PL\",\"potentialAction\":[{\"@type\":\"ReadAction\",\"target\":[\"https:\\\/\\\/www.telkab.pl\\\/index.php\\\/windows-10-brak-polaczenia-internetowego\\\/\"]}]},{\"@type\":\"ImageObject\",\"inLanguage\":\"pl-PL\",\"@id\":\"https:\\\/\\\/www.telkab.pl\\\/index.php\\\/windows-10-brak-polaczenia-internetowego\\\/#primaryimage\",\"url\":\"https:\\\/\\\/oldwww.telkab.pl\\\/uploaded\\\/pomoc\\\/xpolecenia.png.pagespeed.ic.xa8CaLRjTb.webp\",\"contentUrl\":\"https:\\\/\\\/oldwww.telkab.pl\\\/uploaded\\\/pomoc\\\/xpolecenia.png.pagespeed.ic.xa8CaLRjTb.webp\"},{\"@type\":\"BreadcrumbList\",\"@id\":\"https:\\\/\\\/www.telkab.pl\\\/index.php\\\/windows-10-brak-polaczenia-internetowego\\\/#breadcrumb\",\"itemListElement\":[{\"@type\":\"ListItem\",\"position\":1,\"name\":\"Strona g\u0142\u00f3wna\",\"item\":\"https:\\\/\\\/www.telkab.pl\\\/\"},{\"@type\":\"ListItem\",\"position\":2,\"name\":\"Windows 10 &#8211; brak po\u0142\u0105czenia internetowego\"}]},{\"@type\":\"WebSite\",\"@id\":\"https:\\\/\\\/www.telkab.pl\\\/#website\",\"url\":\"https:\\\/\\\/www.telkab.pl\\\/\",\"name\":\"Tel-Kab \u015awiat\u0142ow\u00f3d - najlepsza oferta w najnowszej technologii\",\"description\":\"Nasz \u015bwiat\u0142ow\u00f3d wyprzedza przysz\u0142o\u015b\u0107\",\"publisher\":{\"@id\":\"https:\\\/\\\/www.telkab.pl\\\/#organization\"},\"alternateName\":\"TELKAB - telewizja, Internet, telefon\",\"potentialAction\":[{\"@type\":\"SearchAction\",\"target\":{\"@type\":\"EntryPoint\",\"urlTemplate\":\"https:\\\/\\\/www.telkab.pl\\\/?s={search_term_string}\"},\"query-input\":{\"@type\":\"PropertyValueSpecification\",\"valueRequired\":true,\"valueName\":\"search_term_string\"}}],\"inLanguage\":\"pl-PL\"},{\"@type\":\"Organization\",\"@id\":\"https:\\\/\\\/www.telkab.pl\\\/#organization\",\"name\":\"Tel-Kab \u015awiat\u0142ow\u00f3d\",\"alternateName\":\"Tel-Kab Sp. z o.o.\",\"url\":\"https:\\\/\\\/www.telkab.pl\\\/\",\"logo\":{\"@type\":\"ImageObject\",\"inLanguage\":\"pl-PL\",\"@id\":\"https:\\\/\\\/www.telkab.pl\\\/#\\\/schema\\\/logo\\\/image\\\/\",\"url\":\"https:\\\/\\\/www.telkab.pl\\\/wp-content\\\/uploads\\\/2022\\\/06\\\/logo.png\",\"contentUrl\":\"https:\\\/\\\/www.telkab.pl\\\/wp-content\\\/uploads\\\/2022\\\/06\\\/logo.png\",\"width\":584,\"height\":276,\"caption\":\"Tel-Kab \u015awiat\u0142ow\u00f3d\"},\"image\":{\"@id\":\"https:\\\/\\\/www.telkab.pl\\\/#\\\/schema\\\/logo\\\/image\\\/\"},\"sameAs\":[\"https:\\\/\\\/www.facebook.com\\\/telkab.pruszkow\\\/\",\"https:\\\/\\\/www.instagram.com\\\/telewizja_telkab\\\/\",\"https:\\\/\\\/www.youtube.com\\\/channel\\\/UCJVNDsz7ohwAuXSBnWhTaSA\"]}]}<\/script>\n<!-- \/ Yoast SEO Premium plugin. -->","yoast_head_json":{"title":"Windows 10 - brak po\u0142\u0105czenia internetowego - Tel-Kab | Telewizja | Internet | Telefon","description":"Pe\u0142na wolno\u015b\u0107 wyboru! Po\u0142\u0105cz dowoln\u0105 opcj\u0119 Internetu z dowolnym pakietem telewizji. Sprawd\u017a nasz konfigurator Tel-Kab | Telewizja | Internet | Telefon","robots":{"index":"index","follow":"follow","max-snippet":"max-snippet:-1","max-image-preview":"max-image-preview:large","max-video-preview":"max-video-preview:-1"},"canonical":"https:\/\/www.telkab.pl\/index.php\/windows-10-brak-polaczenia-internetowego\/","og_locale":"pl_PL","og_type":"article","og_title":"Windows 10 - brak po\u0142\u0105czenia internetowego","og_description":"Pe\u0142na wolno\u015b\u0107 wyboru! Po\u0142\u0105cz dowoln\u0105 opcj\u0119 Internetu z dowolnym pakietem telewizji. Sprawd\u017a nasz konfigurator Tel-Kab | Telewizja | Internet | Telefon","og_url":"https:\/\/www.telkab.pl\/index.php\/windows-10-brak-polaczenia-internetowego\/","og_site_name":"Tel-Kab | Telewizja | Internet | Telefon","article_publisher":"https:\/\/www.facebook.com\/telkab.pruszkow\/","og_image":[{"url":"https:\/\/oldwww.telkab.pl\/uploaded\/pomoc\/xpolecenia.png.pagespeed.ic.xa8CaLRjTb.webp","type":"","width":"","height":""}],"twitter_card":"summary_large_image","schema":{"@context":"https:\/\/schema.org","@graph":[{"@type":"WebPage","@id":"https:\/\/www.telkab.pl\/index.php\/windows-10-brak-polaczenia-internetowego\/","url":"https:\/\/www.telkab.pl\/index.php\/windows-10-brak-polaczenia-internetowego\/","name":"Windows 10 - brak po\u0142\u0105czenia internetowego - Tel-Kab | Telewizja | Internet | Telefon","isPartOf":{"@id":"https:\/\/www.telkab.pl\/#website"},"primaryImageOfPage":{"@id":"https:\/\/www.telkab.pl\/index.php\/windows-10-brak-polaczenia-internetowego\/#primaryimage"},"image":{"@id":"https:\/\/www.telkab.pl\/index.php\/windows-10-brak-polaczenia-internetowego\/#primaryimage"},"thumbnailUrl":"https:\/\/oldwww.telkab.pl\/uploaded\/pomoc\/xpolecenia.png.pagespeed.ic.xa8CaLRjTb.webp","datePublished":"2022-08-17T12:16:26+00:00","description":"Pe\u0142na wolno\u015b\u0107 wyboru! Po\u0142\u0105cz dowoln\u0105 opcj\u0119 Internetu z dowolnym pakietem telewizji. Sprawd\u017a nasz konfigurator Tel-Kab | Telewizja | Internet | Telefon","breadcrumb":{"@id":"https:\/\/www.telkab.pl\/index.php\/windows-10-brak-polaczenia-internetowego\/#breadcrumb"},"inLanguage":"pl-PL","potentialAction":[{"@type":"ReadAction","target":["https:\/\/www.telkab.pl\/index.php\/windows-10-brak-polaczenia-internetowego\/"]}]},{"@type":"ImageObject","inLanguage":"pl-PL","@id":"https:\/\/www.telkab.pl\/index.php\/windows-10-brak-polaczenia-internetowego\/#primaryimage","url":"https:\/\/oldwww.telkab.pl\/uploaded\/pomoc\/xpolecenia.png.pagespeed.ic.xa8CaLRjTb.webp","contentUrl":"https:\/\/oldwww.telkab.pl\/uploaded\/pomoc\/xpolecenia.png.pagespeed.ic.xa8CaLRjTb.webp"},{"@type":"BreadcrumbList","@id":"https:\/\/www.telkab.pl\/index.php\/windows-10-brak-polaczenia-internetowego\/#breadcrumb","itemListElement":[{"@type":"ListItem","position":1,"name":"Strona g\u0142\u00f3wna","item":"https:\/\/www.telkab.pl\/"},{"@type":"ListItem","position":2,"name":"Windows 10 &#8211; brak po\u0142\u0105czenia internetowego"}]},{"@type":"WebSite","@id":"https:\/\/www.telkab.pl\/#website","url":"https:\/\/www.telkab.pl\/","name":"Tel-Kab \u015awiat\u0142ow\u00f3d - najlepsza oferta w najnowszej technologii","description":"Nasz \u015bwiat\u0142ow\u00f3d wyprzedza przysz\u0142o\u015b\u0107","publisher":{"@id":"https:\/\/www.telkab.pl\/#organization"},"alternateName":"TELKAB - telewizja, Internet, telefon","potentialAction":[{"@type":"SearchAction","target":{"@type":"EntryPoint","urlTemplate":"https:\/\/www.telkab.pl\/?s={search_term_string}"},"query-input":{"@type":"PropertyValueSpecification","valueRequired":true,"valueName":"search_term_string"}}],"inLanguage":"pl-PL"},{"@type":"Organization","@id":"https:\/\/www.telkab.pl\/#organization","name":"Tel-Kab \u015awiat\u0142ow\u00f3d","alternateName":"Tel-Kab Sp. z o.o.","url":"https:\/\/www.telkab.pl\/","logo":{"@type":"ImageObject","inLanguage":"pl-PL","@id":"https:\/\/www.telkab.pl\/#\/schema\/logo\/image\/","url":"https:\/\/www.telkab.pl\/wp-content\/uploads\/2022\/06\/logo.png","contentUrl":"https:\/\/www.telkab.pl\/wp-content\/uploads\/2022\/06\/logo.png","width":584,"height":276,"caption":"Tel-Kab \u015awiat\u0142ow\u00f3d"},"image":{"@id":"https:\/\/www.telkab.pl\/#\/schema\/logo\/image\/"},"sameAs":["https:\/\/www.facebook.com\/telkab.pruszkow\/","https:\/\/www.instagram.com\/telewizja_telkab\/","https:\/\/www.youtube.com\/channel\/UCJVNDsz7ohwAuXSBnWhTaSA"]}]}},"jetpack_sharing_enabled":true,"_links":{"self":[{"href":"https:\/\/www.telkab.pl\/index.php\/wp-json\/wp\/v2\/pages\/7563","targetHints":{"allow":["GET"]}}],"collection":[{"href":"https:\/\/www.telkab.pl\/index.php\/wp-json\/wp\/v2\/pages"}],"about":[{"href":"https:\/\/www.telkab.pl\/index.php\/wp-json\/wp\/v2\/types\/page"}],"author":[{"embeddable":true,"href":"https:\/\/www.telkab.pl\/index.php\/wp-json\/wp\/v2\/users\/1"}],"replies":[{"embeddable":true,"href":"https:\/\/www.telkab.pl\/index.php\/wp-json\/wp\/v2\/comments?post=7563"}],"version-history":[{"count":1,"href":"https:\/\/www.telkab.pl\/index.php\/wp-json\/wp\/v2\/pages\/7563\/revisions"}],"predecessor-version":[{"id":7564,"href":"https:\/\/www.telkab.pl\/index.php\/wp-json\/wp\/v2\/pages\/7563\/revisions\/7564"}],"wp:attachment":[{"href":"https:\/\/www.telkab.pl\/index.php\/wp-json\/wp\/v2\/media?parent=7563"}],"curies":[{"name":"wp","href":"https:\/\/api.w.org\/{rel}","templated":true}]}}