{"id":7573,"date":"2022-08-17T14:53:31","date_gmt":"2022-08-17T12:53:31","guid":{"rendered":"https:\/\/www.telkab.pl\/?page_id=7573"},"modified":"2024-11-04T12:44:42","modified_gmt":"2024-11-04T11:44:42","slug":"pomoc","status":"publish","type":"page","link":"https:\/\/www.telkab.pl\/index.php\/pomoc\/","title":{"rendered":"Pomoc"},"content":{"rendered":"<div class=\"wpb-content-wrapper\"><p>[vc_row margin_top=&#8221;-80&#8243; full_width_row=&#8221;true&#8221; css=&#8221;.vc_custom_1704797003221{margin-top: 0px !important;border-top-width: 0px !important;padding-top: 0px !important;}&#8221;][vc_column offset=&#8221;vc_hidden-sm vc_hidden-xs&#8221;][vc_single_image image=&#8221;11584&#8243; img_size=&#8221;full&#8221; alignment=&#8221;center&#8221; css=&#8221;&#8221; image_hovers=&#8221;false&#8221;]<div class=\"ult-spacer spacer-69f17dfa06bdf\" data-id=\"69f17dfa06bdf\" data-height=\"10\" data-height-mobile=\"5\" data-height-tab=\"5\" data-height-tab-portrait=\"5\" data-height-mobile-landscape=\"5\" style=\"clear:both;display:block;\"><\/div>[\/vc_column][\/vc_row][vc_row][vc_column width=&#8221;2\/3&#8243;][vc_column_text]<strong>Witaj w Centrum Pomocy TelKab!<\/strong><\/p>\n<p style=\"text-align: left;\">Znajdziesz tutaj wsparcie techniczne i odpowiedzi na najcz\u0119\u015bciej zadawane pytania, kt\u00f3re pozwol\u0105 Ci w pe\u0142ni wykorzysta\u0107 potencja\u0142 Twojego szybkiego po\u0142\u0105czenia \u015bwiat\u0142owodowego. Nasza zaawansowana technologia Fiber to the Home (FTTH) gwarantuje niezawodny i b\u0142yskawiczny dost\u0119p do Internetu oraz najwy\u017csz\u0105 jako\u015b\u0107 cyfrowej rozrywki. Bez wzgl\u0119du na to, czy jeste\u015b zapalonym graczem, mi\u0142o\u015bnikiem film\u00f3w strumieniowych, czy pracujesz zdalnie &#8211; nasze rozwi\u0105zania s\u0105 stworzone, aby sprosta\u0107 Twoim potrzebom.<\/p>\n<p>[\/vc_column_text]<div class=\"ult-spacer spacer-69f17dfa06c0e\" data-id=\"69f17dfa06c0e\" data-height=\"10\" data-height-mobile=\"5\" data-height-tab=\"5\" data-height-tab-portrait=\"5\" data-height-mobile-landscape=\"5\" style=\"clear:both;display:block;\"><\/div>[vc_column_text]<\/p>\n<ul>\n<li><strong><a href=\"https:\/\/www.telkab.pl\/index.php\/szybka_pomoc\/\">Szybka pomoc<\/a>:<\/strong> Krok po kroku prowadzimy Ci\u0119 przez najcz\u0119stsze kwestie i pytania dotycz\u0105ce Twojego po\u0142\u0105czenia.<\/li>\n<li><strong>Konfiguracja i optymalizacja:<\/strong> Porady dotycz\u0105ce konfiguracji urz\u0105dze\u0144 i optymalizacji Twojej domowej sieci.<\/li>\n<li><strong>Rozwi\u0105zywanie problem\u00f3w:<\/strong> Praktyczne wskaz\u00f3wki, jak szybko zidentyfikowa\u0107 i rozwi\u0105za\u0107 problemy z po\u0142\u0105czeniem internetowym.<\/li>\n<li><strong>Bezpiecze\u0144stwo online:<\/strong> Jak chroni\u0107 swoje urz\u0105dzenia i dane przed zagro\u017ceniami cyfrowymi.<\/li>\n<li><strong><a href=\"https:\/\/www.telkab.pl\/index.php\/faq\/\">FAQ<\/a>:<\/strong> Sprawd\u017a nasz\u0105 list\u0119 najcz\u0119\u015bciej zadawanych pyta\u0144, aby natychmiast znale\u017a\u0107 odpowiedzi na Twoje pytania.<\/li>\n<\/ul>\n<p>Potrzebujesz bardziej spersonalizowanej pomocy? Skontaktuj si\u0119 z naszym zespo\u0142em ekspert\u00f3w, kt\u00f3rzy s\u0105 dost\u0119pni, aby zapewni\u0107 Ci wsparcie i porady.[\/vc_column_text][\/vc_column][vc_column width=&#8221;1\/3&#8243;][vc_column_text css=&#8221;&#8221;]<strong>Wybierz jedn\u0105 z opcji<\/strong><\/p>\n<ul>\n<li><a title=\"Problemy z Wi-Fi\" href=\"https:\/\/www.telkab.pl\/index.php\/problemy-z-wi-fi\/\">Problemy z Wi-Fi<\/a><\/li>\n<li class=\"options\"><a href=\"https:\/\/www.telkab.pl\/index.php\/instrukcje-do-dekoderow\/\">Instrukcje do dekoder\u00f3w DVB-C<\/a><\/li>\n<li class=\"options\"><a title=\"Strojenie telewizor\u00f3w z g\u0142owic\u0105 DVB-C + Modu\u0142 CI\" href=\"https:\/\/www.telkab.pl\/index.php\/strojenie-telewizorow-z-glowica-dvb-c-modul-ci\/\">Strojenie telewizor\u00f3w z g\u0142owic\u0105 DVB-C + Modu\u0142 CI<\/a><\/li>\n<li><a href=\"https:\/\/www.telkab.pl\/index.php\/pakiet-minimalny-tv1-wykaz-kanalow\/\">Wykaz kana\u0142\u00f3w TV dost\u0119pnych w pakietach<\/a><\/li>\n<li class=\"options\">Strojenie dekoder\u00f3w dost\u0119pnych w sieci Tel-Kab<\/li>\n<li class=\"options\"><a title=\"Windows 10 - brak po\u0142\u0105czenia internetowego\" href=\"https:\/\/www.telkab.pl\/index.php\/windows-10-brak-polaczenia-internetowego\/\">Windows 10 &#8211; brak po\u0142\u0105czenia internetowego<\/a><\/li>\n<\/ul>\n<p>&nbsp;<\/p>\n<p><strong>Infolinia dzia\u0142u technicznego jest dost\u0119pna w godzinach:<\/strong><\/p>\n<p>Od Poniedzia\u0142ku do Pi\u0105tku, w godzinach od 8:00 do 21:00.<\/p>\n<p>W weekendy oraz dni wolne ustawowo \u2013 jest mo\u017cliwo\u015b\u0107 pozostawienia wiadomo\u015bci g\u0142osowej na infolinii awaryjnej, (Warunkiem przyj\u0119cia zg\u0142oszenia jest podanie dok\u0142adnego adresu i telefonu kontaktowego.) prosimy o dok\u0142adne podanie adresu \u015bwiadczenia us\u0142ugi, pod numerem (22) 415-00-00 wew. 3.<\/p>\n<p>Po weryfikacji zg\u0142oszenia nasz konsultant oddzwoni do Pa\u0144stwa.<\/p>\n<p>Zach\u0119camy te\u017c do wys\u0142ania zg\u0142oszenia na adres e-mail: boa(at)telkab.pl*<\/p>\n<p>*- (at) zamieni\u0107 na @[\/vc_column_text][\/vc_column][\/vc_row]<\/p>\n<\/div>","protected":false},"excerpt":{"rendered":"<p>[vc_row margin_top=&#8221;-80&#8243; full_width_row=&#8221;true&#8221; css=&#8221;.vc_custom_1704797003221{margin-top: 0px !important;border-top-width: 0px !important;padding-top: 0px !important;}&#8221;][vc_column offset=&#8221;vc_hidden-sm vc_hidden-xs&#8221;][vc_single_image image=&#8221;11584&#8243; img_size=&#8221;full&#8221; alignment=&#8221;center&#8221; css=&#8221;&#8221; image_hovers=&#8221;false&#8221;][\/vc_column][\/vc_row][vc_row][vc_column width=&#8221;2\/3&#8243;][vc_column_text]Witaj w Centrum Pomocy TelKab! Znajdziesz tutaj wsparcie techniczne i odpowiedzi na najcz\u0119\u015bciej zadawane pytania, kt\u00f3re pozwol\u0105 Ci w pe\u0142ni wykorzysta\u0107 potencja\u0142 Twojego szybkiego po\u0142\u0105czenia \u015bwiat\u0142owodowego. Nasza zaawansowana technologia Fiber to the Home (FTTH) gwarantuje niezawodny i b\u0142yskawiczny&hellip;<\/p>\n","protected":false},"author":1,"featured_media":0,"parent":0,"menu_order":0,"comment_status":"closed","ping_status":"closed","template":"","meta":{"footnotes":"","_links_to":"","_links_to_target":""},"class_list":["post-7573","page","type-page","status-publish","hentry","description-off"],"yoast_head":"<!-- This site is optimized with the Yoast SEO Premium plugin v27.4 (Yoast SEO v27.4) - https:\/\/yoast.com\/product\/yoast-seo-premium-wordpress\/ -->\n<title>Pomoc - Tel-Kab | Telewizja | Internet | Telefon<\/title>\n<meta name=\"description\" content=\"Pe\u0142na wolno\u015b\u0107 wyboru! Po\u0142\u0105cz dowoln\u0105 opcj\u0119 Internetu z dowolnym pakietem telewizji. Sprawd\u017a nasz konfigurator Tel-Kab | Telewizja | Internet | Telefon\" \/>\n<meta name=\"robots\" content=\"index, follow, max-snippet:-1, max-image-preview:large, max-video-preview:-1\" \/>\n<link rel=\"canonical\" href=\"https:\/\/www.telkab.pl\/index.php\/pomoc\/\" \/>\n<meta property=\"og:locale\" content=\"pl_PL\" \/>\n<meta property=\"og:type\" content=\"article\" \/>\n<meta property=\"og:title\" content=\"Pomoc\" \/>\n<meta property=\"og:description\" content=\"Pe\u0142na wolno\u015b\u0107 wyboru! Po\u0142\u0105cz dowoln\u0105 opcj\u0119 Internetu z dowolnym pakietem telewizji. Sprawd\u017a nasz konfigurator Tel-Kab | Telewizja | Internet | Telefon\" \/>\n<meta property=\"og:url\" content=\"https:\/\/www.telkab.pl\/index.php\/pomoc\/\" \/>\n<meta property=\"og:site_name\" content=\"Tel-Kab | Telewizja | Internet | Telefon\" \/>\n<meta property=\"article:publisher\" content=\"https:\/\/www.facebook.com\/telkab.pruszkow\/\" \/>\n<meta property=\"article:modified_time\" content=\"2024-11-04T11:44:42+00:00\" \/>\n<meta property=\"og:image\" content=\"https:\/\/www.telkab.pl\/wp-content\/uploads\/2023\/09\/Internet_pro_495x600.jpg\" \/>\n\t<meta property=\"og:image:width\" content=\"495\" \/>\n\t<meta property=\"og:image:height\" content=\"600\" \/>\n\t<meta property=\"og:image:type\" content=\"image\/jpeg\" \/>\n<meta name=\"twitter:card\" content=\"summary_large_image\" \/>\n<meta name=\"twitter:label1\" content=\"Szacowany czas czytania\" \/>\n\t<meta name=\"twitter:data1\" content=\"2 minuty\" \/>\n<script type=\"application\/ld+json\" class=\"yoast-schema-graph\">{\"@context\":\"https:\\\/\\\/schema.org\",\"@graph\":[{\"@type\":\"WebPage\",\"@id\":\"https:\\\/\\\/www.telkab.pl\\\/index.php\\\/pomoc\\\/\",\"url\":\"https:\\\/\\\/www.telkab.pl\\\/index.php\\\/pomoc\\\/\",\"name\":\"Pomoc - Tel-Kab | Telewizja | Internet | Telefon\",\"isPartOf\":{\"@id\":\"https:\\\/\\\/www.telkab.pl\\\/#website\"},\"datePublished\":\"2022-08-17T12:53:31+00:00\",\"dateModified\":\"2024-11-04T11:44:42+00:00\",\"description\":\"Pe\u0142na wolno\u015b\u0107 wyboru! Po\u0142\u0105cz dowoln\u0105 opcj\u0119 Internetu z dowolnym pakietem telewizji. Sprawd\u017a nasz konfigurator Tel-Kab | Telewizja | Internet | Telefon\",\"breadcrumb\":{\"@id\":\"https:\\\/\\\/www.telkab.pl\\\/index.php\\\/pomoc\\\/#breadcrumb\"},\"inLanguage\":\"pl-PL\",\"potentialAction\":[{\"@type\":\"ReadAction\",\"target\":[\"https:\\\/\\\/www.telkab.pl\\\/index.php\\\/pomoc\\\/\"]}]},{\"@type\":\"BreadcrumbList\",\"@id\":\"https:\\\/\\\/www.telkab.pl\\\/index.php\\\/pomoc\\\/#breadcrumb\",\"itemListElement\":[{\"@type\":\"ListItem\",\"position\":1,\"name\":\"Strona g\u0142\u00f3wna\",\"item\":\"https:\\\/\\\/www.telkab.pl\\\/\"},{\"@type\":\"ListItem\",\"position\":2,\"name\":\"Pomoc\"}]},{\"@type\":\"WebSite\",\"@id\":\"https:\\\/\\\/www.telkab.pl\\\/#website\",\"url\":\"https:\\\/\\\/www.telkab.pl\\\/\",\"name\":\"Tel-Kab \u015awiat\u0142ow\u00f3d - najlepsza oferta w najnowszej technologii\",\"description\":\"Nasz \u015bwiat\u0142ow\u00f3d wyprzedza przysz\u0142o\u015b\u0107\",\"publisher\":{\"@id\":\"https:\\\/\\\/www.telkab.pl\\\/#organization\"},\"alternateName\":\"TELKAB - telewizja, Internet, telefon\",\"potentialAction\":[{\"@type\":\"SearchAction\",\"target\":{\"@type\":\"EntryPoint\",\"urlTemplate\":\"https:\\\/\\\/www.telkab.pl\\\/?s={search_term_string}\"},\"query-input\":{\"@type\":\"PropertyValueSpecification\",\"valueRequired\":true,\"valueName\":\"search_term_string\"}}],\"inLanguage\":\"pl-PL\"},{\"@type\":\"Organization\",\"@id\":\"https:\\\/\\\/www.telkab.pl\\\/#organization\",\"name\":\"Tel-Kab \u015awiat\u0142ow\u00f3d\",\"alternateName\":\"Tel-Kab Sp. z o.o.\",\"url\":\"https:\\\/\\\/www.telkab.pl\\\/\",\"logo\":{\"@type\":\"ImageObject\",\"inLanguage\":\"pl-PL\",\"@id\":\"https:\\\/\\\/www.telkab.pl\\\/#\\\/schema\\\/logo\\\/image\\\/\",\"url\":\"https:\\\/\\\/www.telkab.pl\\\/wp-content\\\/uploads\\\/2022\\\/06\\\/logo.png\",\"contentUrl\":\"https:\\\/\\\/www.telkab.pl\\\/wp-content\\\/uploads\\\/2022\\\/06\\\/logo.png\",\"width\":584,\"height\":276,\"caption\":\"Tel-Kab \u015awiat\u0142ow\u00f3d\"},\"image\":{\"@id\":\"https:\\\/\\\/www.telkab.pl\\\/#\\\/schema\\\/logo\\\/image\\\/\"},\"sameAs\":[\"https:\\\/\\\/www.facebook.com\\\/telkab.pruszkow\\\/\",\"https:\\\/\\\/www.instagram.com\\\/telewizja_telkab\\\/\",\"https:\\\/\\\/www.youtube.com\\\/channel\\\/UCJVNDsz7ohwAuXSBnWhTaSA\"]}]}<\/script>\n<!-- \/ Yoast SEO Premium plugin. -->","yoast_head_json":{"title":"Pomoc - Tel-Kab | Telewizja | Internet | Telefon","description":"Pe\u0142na wolno\u015b\u0107 wyboru! Po\u0142\u0105cz dowoln\u0105 opcj\u0119 Internetu z dowolnym pakietem telewizji. Sprawd\u017a nasz konfigurator Tel-Kab | Telewizja | Internet | Telefon","robots":{"index":"index","follow":"follow","max-snippet":"max-snippet:-1","max-image-preview":"max-image-preview:large","max-video-preview":"max-video-preview:-1"},"canonical":"https:\/\/www.telkab.pl\/index.php\/pomoc\/","og_locale":"pl_PL","og_type":"article","og_title":"Pomoc","og_description":"Pe\u0142na wolno\u015b\u0107 wyboru! Po\u0142\u0105cz dowoln\u0105 opcj\u0119 Internetu z dowolnym pakietem telewizji. Sprawd\u017a nasz konfigurator Tel-Kab | Telewizja | Internet | Telefon","og_url":"https:\/\/www.telkab.pl\/index.php\/pomoc\/","og_site_name":"Tel-Kab | Telewizja | Internet | Telefon","article_publisher":"https:\/\/www.facebook.com\/telkab.pruszkow\/","article_modified_time":"2024-11-04T11:44:42+00:00","og_image":[{"width":495,"height":600,"url":"https:\/\/www.telkab.pl\/wp-content\/uploads\/2023\/09\/Internet_pro_495x600.jpg","type":"image\/jpeg"}],"twitter_card":"summary_large_image","twitter_misc":{"Szacowany czas czytania":"2 minuty"},"schema":{"@context":"https:\/\/schema.org","@graph":[{"@type":"WebPage","@id":"https:\/\/www.telkab.pl\/index.php\/pomoc\/","url":"https:\/\/www.telkab.pl\/index.php\/pomoc\/","name":"Pomoc - Tel-Kab | Telewizja | Internet | Telefon","isPartOf":{"@id":"https:\/\/www.telkab.pl\/#website"},"datePublished":"2022-08-17T12:53:31+00:00","dateModified":"2024-11-04T11:44:42+00:00","description":"Pe\u0142na wolno\u015b\u0107 wyboru! Po\u0142\u0105cz dowoln\u0105 opcj\u0119 Internetu z dowolnym pakietem telewizji. Sprawd\u017a nasz konfigurator Tel-Kab | Telewizja | Internet | Telefon","breadcrumb":{"@id":"https:\/\/www.telkab.pl\/index.php\/pomoc\/#breadcrumb"},"inLanguage":"pl-PL","potentialAction":[{"@type":"ReadAction","target":["https:\/\/www.telkab.pl\/index.php\/pomoc\/"]}]},{"@type":"BreadcrumbList","@id":"https:\/\/www.telkab.pl\/index.php\/pomoc\/#breadcrumb","itemListElement":[{"@type":"ListItem","position":1,"name":"Strona g\u0142\u00f3wna","item":"https:\/\/www.telkab.pl\/"},{"@type":"ListItem","position":2,"name":"Pomoc"}]},{"@type":"WebSite","@id":"https:\/\/www.telkab.pl\/#website","url":"https:\/\/www.telkab.pl\/","name":"Tel-Kab \u015awiat\u0142ow\u00f3d - najlepsza oferta w najnowszej technologii","description":"Nasz \u015bwiat\u0142ow\u00f3d wyprzedza przysz\u0142o\u015b\u0107","publisher":{"@id":"https:\/\/www.telkab.pl\/#organization"},"alternateName":"TELKAB - telewizja, Internet, telefon","potentialAction":[{"@type":"SearchAction","target":{"@type":"EntryPoint","urlTemplate":"https:\/\/www.telkab.pl\/?s={search_term_string}"},"query-input":{"@type":"PropertyValueSpecification","valueRequired":true,"valueName":"search_term_string"}}],"inLanguage":"pl-PL"},{"@type":"Organization","@id":"https:\/\/www.telkab.pl\/#organization","name":"Tel-Kab \u015awiat\u0142ow\u00f3d","alternateName":"Tel-Kab Sp. z o.o.","url":"https:\/\/www.telkab.pl\/","logo":{"@type":"ImageObject","inLanguage":"pl-PL","@id":"https:\/\/www.telkab.pl\/#\/schema\/logo\/image\/","url":"https:\/\/www.telkab.pl\/wp-content\/uploads\/2022\/06\/logo.png","contentUrl":"https:\/\/www.telkab.pl\/wp-content\/uploads\/2022\/06\/logo.png","width":584,"height":276,"caption":"Tel-Kab \u015awiat\u0142ow\u00f3d"},"image":{"@id":"https:\/\/www.telkab.pl\/#\/schema\/logo\/image\/"},"sameAs":["https:\/\/www.facebook.com\/telkab.pruszkow\/","https:\/\/www.instagram.com\/telewizja_telkab\/","https:\/\/www.youtube.com\/channel\/UCJVNDsz7ohwAuXSBnWhTaSA"]}]}},"jetpack_sharing_enabled":true,"_links":{"self":[{"href":"https:\/\/www.telkab.pl\/index.php\/wp-json\/wp\/v2\/pages\/7573","targetHints":{"allow":["GET"]}}],"collection":[{"href":"https:\/\/www.telkab.pl\/index.php\/wp-json\/wp\/v2\/pages"}],"about":[{"href":"https:\/\/www.telkab.pl\/index.php\/wp-json\/wp\/v2\/types\/page"}],"author":[{"embeddable":true,"href":"https:\/\/www.telkab.pl\/index.php\/wp-json\/wp\/v2\/users\/1"}],"replies":[{"embeddable":true,"href":"https:\/\/www.telkab.pl\/index.php\/wp-json\/wp\/v2\/comments?post=7573"}],"version-history":[{"count":18,"href":"https:\/\/www.telkab.pl\/index.php\/wp-json\/wp\/v2\/pages\/7573\/revisions"}],"predecessor-version":[{"id":12435,"href":"https:\/\/www.telkab.pl\/index.php\/wp-json\/wp\/v2\/pages\/7573\/revisions\/12435"}],"wp:attachment":[{"href":"https:\/\/www.telkab.pl\/index.php\/wp-json\/wp\/v2\/media?parent=7573"}],"curies":[{"name":"wp","href":"https:\/\/api.w.org\/{rel}","templated":true}]}}