{"id":7578,"date":"2022-08-17T16:20:12","date_gmt":"2022-08-17T14:20:12","guid":{"rendered":"https:\/\/www.telkab.pl\/?page_id=7578"},"modified":"2023-12-06T14:07:35","modified_gmt":"2023-12-06T13:07:35","slug":"instrukcje-do-dekoderow","status":"publish","type":"page","link":"https:\/\/www.telkab.pl\/index.php\/instrukcje-do-dekoderow\/","title":{"rendered":"Instrukcje do dekoder\u00f3w"},"content":{"rendered":"<div class=\"wpb-content-wrapper\"><p>[vc_row][vc_column][vc_column_text]<\/p>\n<p style=\"text-align: center;\">Wybierz dekoder klikaj\u0105c w obrazek aby wy\u015bwietli\u0107 instrukcj\u0119 obs\u0142ugi.<br \/>\n<a href=\"https:\/\/www.telkab.pl\/wp-content\/uploads\/2022\/08\/adb.pdf\"><img loading=\"lazy\" decoding=\"async\" class=\"aligncenter wp-image-7580 size-full\" src=\"https:\/\/www.telkab.pl\/wp-content\/uploads\/2022\/08\/adb-1.webp\" alt=\"\" width=\"359\" height=\"269\" srcset=\"https:\/\/www.telkab.pl\/wp-content\/uploads\/2022\/08\/adb-1.webp 359w, https:\/\/www.telkab.pl\/wp-content\/uploads\/2022\/08\/adb-1-300x225.webp 300w\" sizes=\"auto, (max-width: 359px) 100vw, 359px\" \/><img loading=\"lazy\" decoding=\"async\" class=\"aligncenter wp-image-7583 size-medium\" src=\"https:\/\/www.telkab.pl\/wp-content\/uploads\/2022\/08\/ariva100-300x133.webp\" alt=\"\" width=\"300\" height=\"133\" srcset=\"https:\/\/www.telkab.pl\/wp-content\/uploads\/2022\/08\/ariva100-300x133.webp 300w, https:\/\/www.telkab.pl\/wp-content\/uploads\/2022\/08\/ariva100.webp 360w\" sizes=\"auto, (max-width: 300px) 100vw, 300px\" \/><\/a><\/p>\n<p><a href=\"https:\/\/www.telkab.pl\/wp-content\/uploads\/2022\/08\/ariva102.pdf\"><img loading=\"lazy\" decoding=\"async\" class=\"aligncenter wp-image-7585 size-medium\" src=\"https:\/\/www.telkab.pl\/wp-content\/uploads\/2022\/08\/ariva102-300x143.webp\" alt=\"\" width=\"300\" height=\"143\" srcset=\"https:\/\/www.telkab.pl\/wp-content\/uploads\/2022\/08\/ariva102-300x143.webp 300w, https:\/\/www.telkab.pl\/wp-content\/uploads\/2022\/08\/ariva102.webp 368w\" sizes=\"auto, (max-width: 300px) 100vw, 300px\" \/><\/a><\/p>\n<p style=\"text-align: center;\"><a href=\"https:\/\/www.telkab.pl\/wp-content\/uploads\/2022\/08\/technistark1.pdf\"><img loading=\"lazy\" decoding=\"async\" class=\"alignnone wp-image-7587 size-medium\" src=\"https:\/\/www.telkab.pl\/wp-content\/uploads\/2022\/08\/technisat-300x184.webp\" alt=\"\" width=\"300\" height=\"184\" srcset=\"https:\/\/www.telkab.pl\/wp-content\/uploads\/2022\/08\/technisat-300x184.webp 300w, https:\/\/www.telkab.pl\/wp-content\/uploads\/2022\/08\/technisat.webp 350w\" sizes=\"auto, (max-width: 300px) 100vw, 300px\" \/><\/a><\/p>\n<p><a href=\"https:\/\/www.telkab.pl\/wp-content\/uploads\/2022\/08\/impulse.pdf\"><img loading=\"lazy\" decoding=\"async\" class=\"aligncenter wp-image-7589 size-medium\" src=\"https:\/\/www.telkab.pl\/wp-content\/uploads\/2022\/08\/amiko_t2c-300x198.png\" alt=\"\" width=\"300\" height=\"198\" srcset=\"https:\/\/www.telkab.pl\/wp-content\/uploads\/2022\/08\/amiko_t2c-300x198.png 300w, https:\/\/www.telkab.pl\/wp-content\/uploads\/2022\/08\/amiko_t2c-768x506.png 768w, https:\/\/www.telkab.pl\/wp-content\/uploads\/2022\/08\/amiko_t2c.png 867w\" sizes=\"auto, (max-width: 300px) 100vw, 300px\" \/><\/a>[\/vc_column_text][\/vc_column][\/vc_row]<\/p>\n<\/div>","protected":false},"excerpt":{"rendered":"<p>[vc_row][vc_column][vc_column_text] Wybierz dekoder klikaj\u0105c w obrazek aby wy\u015bwietli\u0107 instrukcj\u0119 obs\u0142ugi. [\/vc_column_text][\/vc_column][\/vc_row]<\/p>\n","protected":false},"author":1,"featured_media":0,"parent":0,"menu_order":0,"comment_status":"closed","ping_status":"closed","template":"","meta":{"footnotes":"","_links_to":"","_links_to_target":""},"class_list":["post-7578","page","type-page","status-publish","hentry","description-off"],"yoast_head":"<!-- This site is optimized with the Yoast SEO Premium plugin v27.6 (Yoast SEO v27.6) - https:\/\/yoast.com\/product\/yoast-seo-premium-wordpress\/ -->\n<title>Instrukcje do dekoder\u00f3w - Tel-Kab | Telewizja | Internet | Telefon<\/title>\n<meta name=\"description\" content=\"Pe\u0142na wolno\u015b\u0107 wyboru! Po\u0142\u0105cz dowoln\u0105 opcj\u0119 Internetu z dowolnym pakietem telewizji. Sprawd\u017a nasz konfigurator Tel-Kab | Telewizja | Internet | Telefon\" \/>\n<meta name=\"robots\" content=\"index, follow, max-snippet:-1, max-image-preview:large, max-video-preview:-1\" \/>\n<link rel=\"canonical\" href=\"https:\/\/www.telkab.pl\/index.php\/instrukcje-do-dekoderow\/\" \/>\n<meta property=\"og:locale\" content=\"pl_PL\" \/>\n<meta property=\"og:type\" content=\"article\" \/>\n<meta property=\"og:title\" content=\"Instrukcje do dekoder\u00f3w\" \/>\n<meta property=\"og:description\" content=\"Pe\u0142na wolno\u015b\u0107 wyboru! Po\u0142\u0105cz dowoln\u0105 opcj\u0119 Internetu z dowolnym pakietem telewizji. Sprawd\u017a nasz konfigurator Tel-Kab | Telewizja | Internet | Telefon\" \/>\n<meta property=\"og:url\" content=\"https:\/\/www.telkab.pl\/index.php\/instrukcje-do-dekoderow\/\" \/>\n<meta property=\"og:site_name\" content=\"Tel-Kab | Telewizja | Internet | Telefon\" \/>\n<meta property=\"article:publisher\" content=\"https:\/\/www.facebook.com\/telkab.pruszkow\/\" \/>\n<meta property=\"article:modified_time\" content=\"2023-12-06T13:07:35+00:00\" \/>\n<meta property=\"og:image\" content=\"https:\/\/www.telkab.pl\/wp-content\/uploads\/2022\/08\/adb-1.webp\" \/>\n<meta name=\"twitter:card\" content=\"summary_large_image\" \/>\n<meta name=\"twitter:label1\" content=\"Szacowany czas czytania\" \/>\n\t<meta name=\"twitter:data1\" content=\"2 minuty\" \/>\n<script type=\"application\/ld+json\" class=\"yoast-schema-graph\">{\"@context\":\"https:\\\/\\\/schema.org\",\"@graph\":[{\"@type\":\"WebPage\",\"@id\":\"https:\\\/\\\/www.telkab.pl\\\/index.php\\\/instrukcje-do-dekoderow\\\/\",\"url\":\"https:\\\/\\\/www.telkab.pl\\\/index.php\\\/instrukcje-do-dekoderow\\\/\",\"name\":\"Instrukcje do dekoder\u00f3w - Tel-Kab | Telewizja | Internet | Telefon\",\"isPartOf\":{\"@id\":\"https:\\\/\\\/www.telkab.pl\\\/#website\"},\"primaryImageOfPage\":{\"@id\":\"https:\\\/\\\/www.telkab.pl\\\/index.php\\\/instrukcje-do-dekoderow\\\/#primaryimage\"},\"image\":{\"@id\":\"https:\\\/\\\/www.telkab.pl\\\/index.php\\\/instrukcje-do-dekoderow\\\/#primaryimage\"},\"thumbnailUrl\":\"https:\\\/\\\/www.telkab.pl\\\/wp-content\\\/uploads\\\/2022\\\/08\\\/adb-1.webp\",\"datePublished\":\"2022-08-17T14:20:12+00:00\",\"dateModified\":\"2023-12-06T13:07:35+00:00\",\"description\":\"Pe\u0142na wolno\u015b\u0107 wyboru! Po\u0142\u0105cz dowoln\u0105 opcj\u0119 Internetu z dowolnym pakietem telewizji. Sprawd\u017a nasz konfigurator Tel-Kab | Telewizja | Internet | Telefon\",\"breadcrumb\":{\"@id\":\"https:\\\/\\\/www.telkab.pl\\\/index.php\\\/instrukcje-do-dekoderow\\\/#breadcrumb\"},\"inLanguage\":\"pl-PL\",\"potentialAction\":[{\"@type\":\"ReadAction\",\"target\":[\"https:\\\/\\\/www.telkab.pl\\\/index.php\\\/instrukcje-do-dekoderow\\\/\"]}]},{\"@type\":\"ImageObject\",\"inLanguage\":\"pl-PL\",\"@id\":\"https:\\\/\\\/www.telkab.pl\\\/index.php\\\/instrukcje-do-dekoderow\\\/#primaryimage\",\"url\":\"https:\\\/\\\/www.telkab.pl\\\/wp-content\\\/uploads\\\/2022\\\/08\\\/adb-1.webp\",\"contentUrl\":\"https:\\\/\\\/www.telkab.pl\\\/wp-content\\\/uploads\\\/2022\\\/08\\\/adb-1.webp\",\"width\":359,\"height\":269},{\"@type\":\"BreadcrumbList\",\"@id\":\"https:\\\/\\\/www.telkab.pl\\\/index.php\\\/instrukcje-do-dekoderow\\\/#breadcrumb\",\"itemListElement\":[{\"@type\":\"ListItem\",\"position\":1,\"name\":\"Strona g\u0142\u00f3wna\",\"item\":\"https:\\\/\\\/www.telkab.pl\\\/\"},{\"@type\":\"ListItem\",\"position\":2,\"name\":\"Instrukcje do dekoder\u00f3w\"}]},{\"@type\":\"WebSite\",\"@id\":\"https:\\\/\\\/www.telkab.pl\\\/#website\",\"url\":\"https:\\\/\\\/www.telkab.pl\\\/\",\"name\":\"Tel-Kab \u015awiat\u0142ow\u00f3d - najlepsza oferta w najnowszej technologii\",\"description\":\"Nasz \u015bwiat\u0142ow\u00f3d wyprzedza przysz\u0142o\u015b\u0107\",\"publisher\":{\"@id\":\"https:\\\/\\\/www.telkab.pl\\\/#organization\"},\"alternateName\":\"TELKAB - telewizja, Internet, telefon\",\"potentialAction\":[{\"@type\":\"SearchAction\",\"target\":{\"@type\":\"EntryPoint\",\"urlTemplate\":\"https:\\\/\\\/www.telkab.pl\\\/?s={search_term_string}\"},\"query-input\":{\"@type\":\"PropertyValueSpecification\",\"valueRequired\":true,\"valueName\":\"search_term_string\"}}],\"inLanguage\":\"pl-PL\"},{\"@type\":\"Organization\",\"@id\":\"https:\\\/\\\/www.telkab.pl\\\/#organization\",\"name\":\"Tel-Kab \u015awiat\u0142ow\u00f3d\",\"alternateName\":\"Tel-Kab Sp. z o.o.\",\"url\":\"https:\\\/\\\/www.telkab.pl\\\/\",\"logo\":{\"@type\":\"ImageObject\",\"inLanguage\":\"pl-PL\",\"@id\":\"https:\\\/\\\/www.telkab.pl\\\/#\\\/schema\\\/logo\\\/image\\\/\",\"url\":\"https:\\\/\\\/www.telkab.pl\\\/wp-content\\\/uploads\\\/2022\\\/06\\\/logo.png\",\"contentUrl\":\"https:\\\/\\\/www.telkab.pl\\\/wp-content\\\/uploads\\\/2022\\\/06\\\/logo.png\",\"width\":584,\"height\":276,\"caption\":\"Tel-Kab \u015awiat\u0142ow\u00f3d\"},\"image\":{\"@id\":\"https:\\\/\\\/www.telkab.pl\\\/#\\\/schema\\\/logo\\\/image\\\/\"},\"sameAs\":[\"https:\\\/\\\/www.facebook.com\\\/telkab.pruszkow\\\/\",\"https:\\\/\\\/www.instagram.com\\\/telewizja_telkab\\\/\",\"https:\\\/\\\/www.youtube.com\\\/channel\\\/UCJVNDsz7ohwAuXSBnWhTaSA\"]}]}<\/script>\n<!-- \/ Yoast SEO Premium plugin. -->","yoast_head_json":{"title":"Instrukcje do dekoder\u00f3w - Tel-Kab | Telewizja | Internet | Telefon","description":"Pe\u0142na wolno\u015b\u0107 wyboru! Po\u0142\u0105cz dowoln\u0105 opcj\u0119 Internetu z dowolnym pakietem telewizji. Sprawd\u017a nasz konfigurator Tel-Kab | Telewizja | Internet | Telefon","robots":{"index":"index","follow":"follow","max-snippet":"max-snippet:-1","max-image-preview":"max-image-preview:large","max-video-preview":"max-video-preview:-1"},"canonical":"https:\/\/www.telkab.pl\/index.php\/instrukcje-do-dekoderow\/","og_locale":"pl_PL","og_type":"article","og_title":"Instrukcje do dekoder\u00f3w","og_description":"Pe\u0142na wolno\u015b\u0107 wyboru! Po\u0142\u0105cz dowoln\u0105 opcj\u0119 Internetu z dowolnym pakietem telewizji. Sprawd\u017a nasz konfigurator Tel-Kab | Telewizja | Internet | Telefon","og_url":"https:\/\/www.telkab.pl\/index.php\/instrukcje-do-dekoderow\/","og_site_name":"Tel-Kab | Telewizja | Internet | Telefon","article_publisher":"https:\/\/www.facebook.com\/telkab.pruszkow\/","article_modified_time":"2023-12-06T13:07:35+00:00","og_image":[{"url":"https:\/\/www.telkab.pl\/wp-content\/uploads\/2022\/08\/adb-1.webp","type":"","width":"","height":""}],"twitter_card":"summary_large_image","twitter_misc":{"Szacowany czas czytania":"2 minuty"},"schema":{"@context":"https:\/\/schema.org","@graph":[{"@type":"WebPage","@id":"https:\/\/www.telkab.pl\/index.php\/instrukcje-do-dekoderow\/","url":"https:\/\/www.telkab.pl\/index.php\/instrukcje-do-dekoderow\/","name":"Instrukcje do dekoder\u00f3w - Tel-Kab | Telewizja | Internet | Telefon","isPartOf":{"@id":"https:\/\/www.telkab.pl\/#website"},"primaryImageOfPage":{"@id":"https:\/\/www.telkab.pl\/index.php\/instrukcje-do-dekoderow\/#primaryimage"},"image":{"@id":"https:\/\/www.telkab.pl\/index.php\/instrukcje-do-dekoderow\/#primaryimage"},"thumbnailUrl":"https:\/\/www.telkab.pl\/wp-content\/uploads\/2022\/08\/adb-1.webp","datePublished":"2022-08-17T14:20:12+00:00","dateModified":"2023-12-06T13:07:35+00:00","description":"Pe\u0142na wolno\u015b\u0107 wyboru! Po\u0142\u0105cz dowoln\u0105 opcj\u0119 Internetu z dowolnym pakietem telewizji. Sprawd\u017a nasz konfigurator Tel-Kab | Telewizja | Internet | Telefon","breadcrumb":{"@id":"https:\/\/www.telkab.pl\/index.php\/instrukcje-do-dekoderow\/#breadcrumb"},"inLanguage":"pl-PL","potentialAction":[{"@type":"ReadAction","target":["https:\/\/www.telkab.pl\/index.php\/instrukcje-do-dekoderow\/"]}]},{"@type":"ImageObject","inLanguage":"pl-PL","@id":"https:\/\/www.telkab.pl\/index.php\/instrukcje-do-dekoderow\/#primaryimage","url":"https:\/\/www.telkab.pl\/wp-content\/uploads\/2022\/08\/adb-1.webp","contentUrl":"https:\/\/www.telkab.pl\/wp-content\/uploads\/2022\/08\/adb-1.webp","width":359,"height":269},{"@type":"BreadcrumbList","@id":"https:\/\/www.telkab.pl\/index.php\/instrukcje-do-dekoderow\/#breadcrumb","itemListElement":[{"@type":"ListItem","position":1,"name":"Strona g\u0142\u00f3wna","item":"https:\/\/www.telkab.pl\/"},{"@type":"ListItem","position":2,"name":"Instrukcje do dekoder\u00f3w"}]},{"@type":"WebSite","@id":"https:\/\/www.telkab.pl\/#website","url":"https:\/\/www.telkab.pl\/","name":"Tel-Kab \u015awiat\u0142ow\u00f3d - najlepsza oferta w najnowszej technologii","description":"Nasz \u015bwiat\u0142ow\u00f3d wyprzedza przysz\u0142o\u015b\u0107","publisher":{"@id":"https:\/\/www.telkab.pl\/#organization"},"alternateName":"TELKAB - telewizja, Internet, telefon","potentialAction":[{"@type":"SearchAction","target":{"@type":"EntryPoint","urlTemplate":"https:\/\/www.telkab.pl\/?s={search_term_string}"},"query-input":{"@type":"PropertyValueSpecification","valueRequired":true,"valueName":"search_term_string"}}],"inLanguage":"pl-PL"},{"@type":"Organization","@id":"https:\/\/www.telkab.pl\/#organization","name":"Tel-Kab \u015awiat\u0142ow\u00f3d","alternateName":"Tel-Kab Sp. z o.o.","url":"https:\/\/www.telkab.pl\/","logo":{"@type":"ImageObject","inLanguage":"pl-PL","@id":"https:\/\/www.telkab.pl\/#\/schema\/logo\/image\/","url":"https:\/\/www.telkab.pl\/wp-content\/uploads\/2022\/06\/logo.png","contentUrl":"https:\/\/www.telkab.pl\/wp-content\/uploads\/2022\/06\/logo.png","width":584,"height":276,"caption":"Tel-Kab \u015awiat\u0142ow\u00f3d"},"image":{"@id":"https:\/\/www.telkab.pl\/#\/schema\/logo\/image\/"},"sameAs":["https:\/\/www.facebook.com\/telkab.pruszkow\/","https:\/\/www.instagram.com\/telewizja_telkab\/","https:\/\/www.youtube.com\/channel\/UCJVNDsz7ohwAuXSBnWhTaSA"]}]}},"jetpack_sharing_enabled":true,"_links":{"self":[{"href":"https:\/\/www.telkab.pl\/index.php\/wp-json\/wp\/v2\/pages\/7578","targetHints":{"allow":["GET"]}}],"collection":[{"href":"https:\/\/www.telkab.pl\/index.php\/wp-json\/wp\/v2\/pages"}],"about":[{"href":"https:\/\/www.telkab.pl\/index.php\/wp-json\/wp\/v2\/types\/page"}],"author":[{"embeddable":true,"href":"https:\/\/www.telkab.pl\/index.php\/wp-json\/wp\/v2\/users\/1"}],"replies":[{"embeddable":true,"href":"https:\/\/www.telkab.pl\/index.php\/wp-json\/wp\/v2\/comments?post=7578"}],"version-history":[{"count":2,"href":"https:\/\/www.telkab.pl\/index.php\/wp-json\/wp\/v2\/pages\/7578\/revisions"}],"predecessor-version":[{"id":11453,"href":"https:\/\/www.telkab.pl\/index.php\/wp-json\/wp\/v2\/pages\/7578\/revisions\/11453"}],"wp:attachment":[{"href":"https:\/\/www.telkab.pl\/index.php\/wp-json\/wp\/v2\/media?parent=7578"}],"curies":[{"name":"wp","href":"https:\/\/api.w.org\/{rel}","templated":true}]}}