{"id":9070,"date":"2022-11-17T12:33:20","date_gmt":"2022-11-17T11:33:20","guid":{"rendered":"https:\/\/www.telkab.pl\/?page_id=9070"},"modified":"2024-03-15T10:23:57","modified_gmt":"2024-03-15T09:23:57","slug":"konfigurator-sprawdz-dostepnosc","status":"publish","type":"page","link":"https:\/\/www.telkab.pl\/index.php\/konfigurator-sprawdz-dostepnosc\/","title":{"rendered":"Konfigurator &#8211; PRAWDZIWY \u015aWIAT\u0141OW\u00d3D FTTB &#8211; Sprawd\u017a dost\u0119pno\u015b\u0107 us\u0142ug"},"content":{"rendered":"<div class=\"wpb-content-wrapper\"><p>[vc_row][vc_column width=&#8221;1\/4&#8243;][\/vc_column][vc_column width=&#8221;1\/2&#8243;][vc_column_text]<a href=\"https:\/\/telkab.pl\"><img loading=\"lazy\" decoding=\"async\" class=\"alignleft size-full wp-image-9382\" src=\"https:\/\/www.telkab.pl\/wp-content\/uploads\/2022\/12\/logo_TK-1-e1672142208217.png\" alt=\"\" width=\"250\" height=\"115\" \/><\/a>[\/vc_column_text]<div class=\"ult-spacer spacer-69dc1325d24aa\" data-id=\"69dc1325d24aa\" data-height=\"40\" data-height-mobile=\"40\" data-height-tab=\"40\" data-height-tab-portrait=\"\" data-height-mobile-landscape=\"\" style=\"clear:both;display:block;\"><\/div>[vc_column_text]<\/p>\n<h3 style=\"text-align: center;\"><b>Sprawdz dostepnosc uslug pod wskazanym adresem<\/b><\/h3>\n<p>[\/vc_column_text][\/vc_column][vc_column width=&#8221;1\/4&#8243;][\/vc_column][\/vc_row][vc_row][vc_column width=&#8221;1\/4&#8243;][\/vc_column][vc_column width=&#8221;1\/2&#8243;]<div class=\"ult-spacer spacer-69dc1325d24cb\" data-id=\"69dc1325d24cb\" data-height=\"20\" data-height-mobile=\"20\" data-height-tab=\"\" data-height-tab-portrait=\"\" data-height-mobile-landscape=\"\" style=\"clear:both;display:block;\"><\/div>\n<div class=\"wpcf7 no-js\" id=\"wpcf7-f9071-o1\" lang=\"pl-PL\" dir=\"ltr\" data-wpcf7-id=\"9071\">\n<div class=\"screen-reader-response\"><p role=\"status\" aria-live=\"polite\" aria-atomic=\"true\"><\/p> <ul><\/ul><\/div>\n<form action=\"\/index.php\/wp-json\/wp\/v2\/pages\/9070#wpcf7-f9071-o1\" method=\"post\" class=\"wpcf7-form init\" aria-label=\"Formularz kontaktowy\" novalidate=\"novalidate\" data-status=\"init\">\n<fieldset class=\"hidden-fields-container\"><input type=\"hidden\" name=\"_wpcf7\" value=\"9071\" \/><input type=\"hidden\" name=\"_wpcf7_version\" value=\"6.1.5\" \/><input type=\"hidden\" name=\"_wpcf7_locale\" value=\"pl_PL\" \/><input type=\"hidden\" name=\"_wpcf7_unit_tag\" value=\"wpcf7-f9071-o1\" \/><input type=\"hidden\" name=\"_wpcf7_container_post\" value=\"0\" \/><input type=\"hidden\" name=\"_wpcf7_posted_data_hash\" value=\"\" \/>\n<\/fieldset>\n<p><label> Miasto*<span class=\"wpcf7-form-control-wrap\" data-name=\"city\"><input size=\"40\" maxlength=\"400\" class=\"wpcf7-form-control wpcf7-text wpcf7-validates-as-required\" aria-required=\"true\" aria-invalid=\"false\" value=\"\" type=\"text\" name=\"city\" \/><\/span><\/label><br \/>\n<label> Ulica*<span class=\"wpcf7-form-control-wrap\" data-name=\"street\"><input size=\"40\" maxlength=\"400\" class=\"wpcf7-form-control wpcf7-text wpcf7-validates-as-required\" aria-required=\"true\" aria-invalid=\"false\" value=\"\" type=\"text\" name=\"street\" \/><\/span><\/label><br \/>\n<label> Numer budynku<span class=\"wpcf7-form-control-wrap\" data-name=\"no\"><input size=\"40\" maxlength=\"400\" class=\"wpcf7-form-control wpcf7-text wpcf7-validates-as-required\" aria-required=\"true\" aria-invalid=\"false\" value=\"\" type=\"text\" name=\"no\" \/><\/span><\/label><br \/>\n<label> <input class=\"wpcf7-form-control wpcf7-submit has-spinner\" type=\"submit\" value=\"Sprawd\u017a\" \/><\/label>\n<\/p><div class=\"wpcf7-response-output\" aria-hidden=\"true\"><\/div>\n<\/form>\n<\/div>\n<div class=\"ult-spacer spacer-69dc1325d3328\" data-id=\"69dc1325d3328\" data-height=\"40\" data-height-mobile=\"40\" data-height-tab=\"40\" data-height-tab-portrait=\"\" data-height-mobile-landscape=\"\" style=\"clear:both;display:block;\"><\/div><div class=\"ult-spacer spacer-69dc1325d3344\" data-id=\"69dc1325d3344\" data-height=\"40\" data-height-mobile=\"40\" data-height-tab=\"40\" data-height-tab-portrait=\"\" data-height-mobile-landscape=\"\" style=\"clear:both;display:block;\"><\/div>[\/vc_column][vc_column width=&#8221;1\/4&#8243;][\/vc_column][\/vc_row]<\/p>\n<\/div>","protected":false},"excerpt":{"rendered":"<p>[vc_row][vc_column width=&#8221;1\/4&#8243;][\/vc_column][vc_column width=&#8221;1\/2&#8243;][vc_column_text][\/vc_column_text][vc_column_text] Sprawdz dostepnosc uslug pod wskazanym adresem [\/vc_column_text][\/vc_column][vc_column width=&#8221;1\/4&#8243;][\/vc_column][\/vc_row][vc_row][vc_column width=&#8221;1\/4&#8243;][\/vc_column][vc_column width=&#8221;1\/2&#8243;][\/vc_column][vc_column width=&#8221;1\/4&#8243;][\/vc_column][\/vc_row]<\/p>\n","protected":false},"author":1,"featured_media":0,"parent":0,"menu_order":1,"comment_status":"closed","ping_status":"closed","template":"template-microsite.php","meta":{"footnotes":"","_links_to":"","_links_to_target":""},"class_list":["post-9070","page","type-page","status-publish","hentry","description-off"],"yoast_head":"<!-- This site is optimized with the Yoast SEO Premium plugin v27.2 (Yoast SEO v27.2) - https:\/\/yoast.com\/product\/yoast-seo-premium-wordpress\/ -->\n<title>Konfigurator - PRAWDZIWY \u015aWIAT\u0141OW\u00d3D FTTB - Sprawd\u017a dost\u0119pno\u015b\u0107 us\u0142ug - Tel-Kab | Telewizja | Internet | Telefon<\/title>\n<meta name=\"description\" content=\"Pe\u0142na wolno\u015b\u0107 wyboru! Po\u0142\u0105cz dowoln\u0105 opcj\u0119 Internetu z dowolnym pakietem telewizji. Sprawd\u017a nasz konfigurator Tel-Kab | Telewizja | Internet | Telefon\" \/>\n<meta name=\"robots\" content=\"index, follow, max-snippet:-1, max-image-preview:large, max-video-preview:-1\" \/>\n<link rel=\"canonical\" href=\"https:\/\/www.telkab.pl\/index.php\/konfigurator-sprawdz-dostepnosc\/\" \/>\n<meta property=\"og:locale\" content=\"pl_PL\" \/>\n<meta property=\"og:type\" content=\"article\" \/>\n<meta property=\"og:title\" content=\"Konfigurator - PRAWDZIWY \u015aWIAT\u0141OW\u00d3D FTTB - Sprawd\u017a dost\u0119pno\u015b\u0107 us\u0142ug\" \/>\n<meta property=\"og:description\" content=\"Pe\u0142na wolno\u015b\u0107 wyboru! Po\u0142\u0105cz dowoln\u0105 opcj\u0119 Internetu z dowolnym pakietem telewizji. Sprawd\u017a nasz konfigurator Tel-Kab | Telewizja | Internet | Telefon\" \/>\n<meta property=\"og:url\" content=\"https:\/\/www.telkab.pl\/index.php\/konfigurator-sprawdz-dostepnosc\/\" \/>\n<meta property=\"og:site_name\" content=\"Tel-Kab | Telewizja | Internet | Telefon\" \/>\n<meta property=\"article:publisher\" content=\"https:\/\/www.facebook.com\/telkab.pruszkow\/\" \/>\n<meta property=\"article:modified_time\" content=\"2024-03-15T09:23:57+00:00\" \/>\n<meta property=\"og:image\" content=\"https:\/\/www.telkab.pl\/wp-content\/uploads\/2022\/12\/logo_TK-e1672142000582.png\" \/>\n\t<meta property=\"og:image:width\" content=\"500\" \/>\n\t<meta property=\"og:image:height\" content=\"229\" \/>\n\t<meta property=\"og:image:type\" content=\"image\/png\" \/>\n<meta name=\"twitter:card\" content=\"summary_large_image\" \/>\n<meta name=\"twitter:label1\" content=\"Szacowany czas czytania\" \/>\n\t<meta name=\"twitter:data1\" content=\"1 minuta\" \/>\n<script type=\"application\/ld+json\" class=\"yoast-schema-graph\">{\"@context\":\"https:\/\/schema.org\",\"@graph\":[{\"@type\":\"WebPage\",\"@id\":\"https:\/\/www.telkab.pl\/index.php\/konfigurator-sprawdz-dostepnosc\/\",\"url\":\"https:\/\/www.telkab.pl\/index.php\/konfigurator-sprawdz-dostepnosc\/\",\"name\":\"Konfigurator - PRAWDZIWY \u015aWIAT\u0141OW\u00d3D FTTB - Sprawd\u017a dost\u0119pno\u015b\u0107 us\u0142ug - Tel-Kab | Telewizja | Internet | Telefon\",\"isPartOf\":{\"@id\":\"https:\/\/www.telkab.pl\/#website\"},\"primaryImageOfPage\":{\"@id\":\"https:\/\/www.telkab.pl\/index.php\/konfigurator-sprawdz-dostepnosc\/#primaryimage\"},\"image\":{\"@id\":\"https:\/\/www.telkab.pl\/index.php\/konfigurator-sprawdz-dostepnosc\/#primaryimage\"},\"thumbnailUrl\":\"https:\/\/www.telkab.pl\/wp-content\/uploads\/2022\/12\/logo_TK-1-e1672142208217.png\",\"datePublished\":\"2022-11-17T11:33:20+00:00\",\"dateModified\":\"2024-03-15T09:23:57+00:00\",\"description\":\"Pe\u0142na wolno\u015b\u0107 wyboru! Po\u0142\u0105cz dowoln\u0105 opcj\u0119 Internetu z dowolnym pakietem telewizji. Sprawd\u017a nasz konfigurator Tel-Kab | Telewizja | Internet | Telefon\",\"breadcrumb\":{\"@id\":\"https:\/\/www.telkab.pl\/index.php\/konfigurator-sprawdz-dostepnosc\/#breadcrumb\"},\"inLanguage\":\"pl-PL\",\"potentialAction\":[{\"@type\":\"ReadAction\",\"target\":[\"https:\/\/www.telkab.pl\/index.php\/konfigurator-sprawdz-dostepnosc\/\"]}]},{\"@type\":\"ImageObject\",\"inLanguage\":\"pl-PL\",\"@id\":\"https:\/\/www.telkab.pl\/index.php\/konfigurator-sprawdz-dostepnosc\/#primaryimage\",\"url\":\"https:\/\/www.telkab.pl\/wp-content\/uploads\/2022\/12\/logo_TK-1-e1672142208217.png\",\"contentUrl\":\"https:\/\/www.telkab.pl\/wp-content\/uploads\/2022\/12\/logo_TK-1-e1672142208217.png\",\"width\":250,\"height\":115},{\"@type\":\"BreadcrumbList\",\"@id\":\"https:\/\/www.telkab.pl\/index.php\/konfigurator-sprawdz-dostepnosc\/#breadcrumb\",\"itemListElement\":[{\"@type\":\"ListItem\",\"position\":1,\"name\":\"Strona g\u0142\u00f3wna\",\"item\":\"https:\/\/www.telkab.pl\/\"},{\"@type\":\"ListItem\",\"position\":2,\"name\":\"Konfigurator &#8211; PRAWDZIWY \u015aWIAT\u0141OW\u00d3D FTTB &#8211; Sprawd\u017a dost\u0119pno\u015b\u0107 us\u0142ug\"}]},{\"@type\":\"WebSite\",\"@id\":\"https:\/\/www.telkab.pl\/#website\",\"url\":\"https:\/\/www.telkab.pl\/\",\"name\":\"Tel-Kab \u015awiat\u0142ow\u00f3d - najlepsza oferta w najnowszej technologii\",\"description\":\"Nasz \u015bwiat\u0142ow\u00f3d wyprzedza przysz\u0142o\u015b\u0107\",\"publisher\":{\"@id\":\"https:\/\/www.telkab.pl\/#organization\"},\"alternateName\":\"TELKAB - telewizja, Internet, telefon\",\"potentialAction\":[{\"@type\":\"SearchAction\",\"target\":{\"@type\":\"EntryPoint\",\"urlTemplate\":\"https:\/\/www.telkab.pl\/?s={search_term_string}\"},\"query-input\":{\"@type\":\"PropertyValueSpecification\",\"valueRequired\":true,\"valueName\":\"search_term_string\"}}],\"inLanguage\":\"pl-PL\"},{\"@type\":\"Organization\",\"@id\":\"https:\/\/www.telkab.pl\/#organization\",\"name\":\"Tel-Kab \u015awiat\u0142ow\u00f3d\",\"alternateName\":\"Tel-Kab Sp. z o.o.\",\"url\":\"https:\/\/www.telkab.pl\/\",\"logo\":{\"@type\":\"ImageObject\",\"inLanguage\":\"pl-PL\",\"@id\":\"https:\/\/www.telkab.pl\/#\/schema\/logo\/image\/\",\"url\":\"https:\/\/www.telkab.pl\/wp-content\/uploads\/2022\/06\/logo.png\",\"contentUrl\":\"https:\/\/www.telkab.pl\/wp-content\/uploads\/2022\/06\/logo.png\",\"width\":584,\"height\":276,\"caption\":\"Tel-Kab \u015awiat\u0142ow\u00f3d\"},\"image\":{\"@id\":\"https:\/\/www.telkab.pl\/#\/schema\/logo\/image\/\"},\"sameAs\":[\"https:\/\/www.facebook.com\/telkab.pruszkow\/\",\"https:\/\/www.instagram.com\/telewizja_telkab\/\",\"https:\/\/www.youtube.com\/channel\/UCJVNDsz7ohwAuXSBnWhTaSA\"]}]}<\/script>\n<!-- \/ Yoast SEO Premium plugin. -->","yoast_head_json":{"title":"Konfigurator - PRAWDZIWY \u015aWIAT\u0141OW\u00d3D FTTB - Sprawd\u017a dost\u0119pno\u015b\u0107 us\u0142ug - Tel-Kab | Telewizja | Internet | Telefon","description":"Pe\u0142na wolno\u015b\u0107 wyboru! Po\u0142\u0105cz dowoln\u0105 opcj\u0119 Internetu z dowolnym pakietem telewizji. Sprawd\u017a nasz konfigurator Tel-Kab | Telewizja | Internet | Telefon","robots":{"index":"index","follow":"follow","max-snippet":"max-snippet:-1","max-image-preview":"max-image-preview:large","max-video-preview":"max-video-preview:-1"},"canonical":"https:\/\/www.telkab.pl\/index.php\/konfigurator-sprawdz-dostepnosc\/","og_locale":"pl_PL","og_type":"article","og_title":"Konfigurator - PRAWDZIWY \u015aWIAT\u0141OW\u00d3D FTTB - Sprawd\u017a dost\u0119pno\u015b\u0107 us\u0142ug","og_description":"Pe\u0142na wolno\u015b\u0107 wyboru! Po\u0142\u0105cz dowoln\u0105 opcj\u0119 Internetu z dowolnym pakietem telewizji. Sprawd\u017a nasz konfigurator Tel-Kab | Telewizja | Internet | Telefon","og_url":"https:\/\/www.telkab.pl\/index.php\/konfigurator-sprawdz-dostepnosc\/","og_site_name":"Tel-Kab | Telewizja | Internet | Telefon","article_publisher":"https:\/\/www.facebook.com\/telkab.pruszkow\/","article_modified_time":"2024-03-15T09:23:57+00:00","og_image":[{"width":500,"height":229,"url":"https:\/\/www.telkab.pl\/wp-content\/uploads\/2022\/12\/logo_TK-e1672142000582.png","type":"image\/png"}],"twitter_card":"summary_large_image","twitter_misc":{"Szacowany czas czytania":"1 minuta"},"schema":{"@context":"https:\/\/schema.org","@graph":[{"@type":"WebPage","@id":"https:\/\/www.telkab.pl\/index.php\/konfigurator-sprawdz-dostepnosc\/","url":"https:\/\/www.telkab.pl\/index.php\/konfigurator-sprawdz-dostepnosc\/","name":"Konfigurator - PRAWDZIWY \u015aWIAT\u0141OW\u00d3D FTTB - Sprawd\u017a dost\u0119pno\u015b\u0107 us\u0142ug - Tel-Kab | Telewizja | Internet | Telefon","isPartOf":{"@id":"https:\/\/www.telkab.pl\/#website"},"primaryImageOfPage":{"@id":"https:\/\/www.telkab.pl\/index.php\/konfigurator-sprawdz-dostepnosc\/#primaryimage"},"image":{"@id":"https:\/\/www.telkab.pl\/index.php\/konfigurator-sprawdz-dostepnosc\/#primaryimage"},"thumbnailUrl":"https:\/\/www.telkab.pl\/wp-content\/uploads\/2022\/12\/logo_TK-1-e1672142208217.png","datePublished":"2022-11-17T11:33:20+00:00","dateModified":"2024-03-15T09:23:57+00:00","description":"Pe\u0142na wolno\u015b\u0107 wyboru! Po\u0142\u0105cz dowoln\u0105 opcj\u0119 Internetu z dowolnym pakietem telewizji. Sprawd\u017a nasz konfigurator Tel-Kab | Telewizja | Internet | Telefon","breadcrumb":{"@id":"https:\/\/www.telkab.pl\/index.php\/konfigurator-sprawdz-dostepnosc\/#breadcrumb"},"inLanguage":"pl-PL","potentialAction":[{"@type":"ReadAction","target":["https:\/\/www.telkab.pl\/index.php\/konfigurator-sprawdz-dostepnosc\/"]}]},{"@type":"ImageObject","inLanguage":"pl-PL","@id":"https:\/\/www.telkab.pl\/index.php\/konfigurator-sprawdz-dostepnosc\/#primaryimage","url":"https:\/\/www.telkab.pl\/wp-content\/uploads\/2022\/12\/logo_TK-1-e1672142208217.png","contentUrl":"https:\/\/www.telkab.pl\/wp-content\/uploads\/2022\/12\/logo_TK-1-e1672142208217.png","width":250,"height":115},{"@type":"BreadcrumbList","@id":"https:\/\/www.telkab.pl\/index.php\/konfigurator-sprawdz-dostepnosc\/#breadcrumb","itemListElement":[{"@type":"ListItem","position":1,"name":"Strona g\u0142\u00f3wna","item":"https:\/\/www.telkab.pl\/"},{"@type":"ListItem","position":2,"name":"Konfigurator &#8211; PRAWDZIWY \u015aWIAT\u0141OW\u00d3D FTTB &#8211; Sprawd\u017a dost\u0119pno\u015b\u0107 us\u0142ug"}]},{"@type":"WebSite","@id":"https:\/\/www.telkab.pl\/#website","url":"https:\/\/www.telkab.pl\/","name":"Tel-Kab \u015awiat\u0142ow\u00f3d - najlepsza oferta w najnowszej technologii","description":"Nasz \u015bwiat\u0142ow\u00f3d wyprzedza przysz\u0142o\u015b\u0107","publisher":{"@id":"https:\/\/www.telkab.pl\/#organization"},"alternateName":"TELKAB - telewizja, Internet, telefon","potentialAction":[{"@type":"SearchAction","target":{"@type":"EntryPoint","urlTemplate":"https:\/\/www.telkab.pl\/?s={search_term_string}"},"query-input":{"@type":"PropertyValueSpecification","valueRequired":true,"valueName":"search_term_string"}}],"inLanguage":"pl-PL"},{"@type":"Organization","@id":"https:\/\/www.telkab.pl\/#organization","name":"Tel-Kab \u015awiat\u0142ow\u00f3d","alternateName":"Tel-Kab Sp. z o.o.","url":"https:\/\/www.telkab.pl\/","logo":{"@type":"ImageObject","inLanguage":"pl-PL","@id":"https:\/\/www.telkab.pl\/#\/schema\/logo\/image\/","url":"https:\/\/www.telkab.pl\/wp-content\/uploads\/2022\/06\/logo.png","contentUrl":"https:\/\/www.telkab.pl\/wp-content\/uploads\/2022\/06\/logo.png","width":584,"height":276,"caption":"Tel-Kab \u015awiat\u0142ow\u00f3d"},"image":{"@id":"https:\/\/www.telkab.pl\/#\/schema\/logo\/image\/"},"sameAs":["https:\/\/www.facebook.com\/telkab.pruszkow\/","https:\/\/www.instagram.com\/telewizja_telkab\/","https:\/\/www.youtube.com\/channel\/UCJVNDsz7ohwAuXSBnWhTaSA"]}]}},"jetpack_sharing_enabled":true,"_links":{"self":[{"href":"https:\/\/www.telkab.pl\/index.php\/wp-json\/wp\/v2\/pages\/9070","targetHints":{"allow":["GET"]}}],"collection":[{"href":"https:\/\/www.telkab.pl\/index.php\/wp-json\/wp\/v2\/pages"}],"about":[{"href":"https:\/\/www.telkab.pl\/index.php\/wp-json\/wp\/v2\/types\/page"}],"author":[{"embeddable":true,"href":"https:\/\/www.telkab.pl\/index.php\/wp-json\/wp\/v2\/users\/1"}],"replies":[{"embeddable":true,"href":"https:\/\/www.telkab.pl\/index.php\/wp-json\/wp\/v2\/comments?post=9070"}],"version-history":[{"count":12,"href":"https:\/\/www.telkab.pl\/index.php\/wp-json\/wp\/v2\/pages\/9070\/revisions"}],"predecessor-version":[{"id":9076,"href":"https:\/\/www.telkab.pl\/index.php\/wp-json\/wp\/v2\/pages\/9070\/revisions\/9076"}],"wp:attachment":[{"href":"https:\/\/www.telkab.pl\/index.php\/wp-json\/wp\/v2\/media?parent=9070"}],"curies":[{"name":"wp","href":"https:\/\/api.w.org\/{rel}","templated":true}]}}